{"id":9469,"date":"2025-08-06T07:29:25","date_gmt":"2025-08-06T10:29:25","guid":{"rendered":"https:\/\/www.montale.com.br\/?page_id=9469"},"modified":"2025-08-06T12:18:16","modified_gmt":"2025-08-06T15:18:16","slug":"blog","status":"publish","type":"page","link":"https:\/\/www.montale.com.br\/it\/blog\/","title":{"rendered":"BLOG"},"content":{"rendered":"<div data-elementor-type=\"wp-page\" data-elementor-id=\"9469\" class=\"elementor elementor-9469\" data-elementor-post-type=\"page\">\n\t\t\t\t\t\t\t        <section class=\"elementor-section elementor-top-section elementor-element elementor-element-fb04492 elementor-section-content-middle elementor-section-boxed elementor-section-height-default elementor-section-height-default ct-header-fixed-none ct-row-max-none\" data-id=\"fb04492\" data-element_type=\"section\">\n            \n                        <div class=\"elementor-container elementor-column-gap-extended\">\n                    <div class=\"elementor-column elementor-col-100 elementor-top-column elementor-element elementor-element-7b3c5f0\" data-id=\"7b3c5f0\" data-element_type=\"column\">\n            <div class=\"elementor-widget-wrap elementor-element-populated\">\n                        \t\t<div class=\"elementor-element elementor-element-f1a14f8 elementor-widget elementor-widget-ct_heading\" data-id=\"f1a14f8\" data-element_type=\"widget\" data-widget_type=\"ct_heading.default\">\n\t\t\t\t<div class=\"elementor-widget-container\">\n\t\t\t<div id=\"ct_heading-f1a14f8\" class=\"ct-heading h-align-left sub-style1 ct-heading-left item-st-default\">\n\t<div class=\"ct-item--inner\">\n        <div class=\"ct-inline-css\"  data-css=\"            \">\n        <\/div>\n            \t\t<div class=\"item--sub-title style1 show-line\">\n                                                BLOG                                                            <\/div>\n    \t        <h3 class=\"item--title st-default case-animate-time\" data-wow-delay=\"ms\">\n                        <span class=\"sp-main\">\n                \n                Conte\u00fado que conecta voc\u00ea ao nosso projeto\u00a0pedag\u00f3gico!\n                \n                            <\/span>\n                    <\/h3>\n    <\/div>\n<\/div>\t\t<\/div>\n\t\t\t\t<\/div>\n\t\t            <\/div>\n        <\/div>\n                            <\/div>\n        <\/section>\n                <section class=\"elementor-section elementor-top-section elementor-element elementor-element-3df308c elementor-section-boxed elementor-section-height-default elementor-section-height-default ct-header-fixed-none ct-row-max-none\" data-id=\"3df308c\" data-element_type=\"section\">\n            \n                        <div class=\"elementor-container elementor-column-gap-extended\">\n                    <div class=\"elementor-column elementor-col-100 elementor-top-column elementor-element elementor-element-95c454c\" data-id=\"95c454c\" data-element_type=\"column\">\n            <div class=\"elementor-widget-wrap elementor-element-populated\">\n                        \t\t<div class=\"elementor-element elementor-element-b97f62b elementor-widget elementor-widget-ct_blog_grid\" data-id=\"b97f62b\" data-element_type=\"widget\" data-widget_type=\"ct_blog_grid.default\">\n\t\t\t\t<div class=\"elementor-widget-container\">\n\t\t\t\n<div id=\"ct_blog_grid-b97f62b\" class=\"ct-grid ct-blog-grid ct-blog-grid-layout5\" data-layout=\"masonry\" data-start-page=\"1\" data-max-pages=\"1\" data-total=\"4\" data-perpage=\"9\" data-next-link=\"\">\n    <div class=\"ct-grid-overlay\"><\/div>\n    \n    <div class=\"ct-grid-inner ct-grid-masonry row animate-time\" data-gutter=\"15\">\n                    <div class=\"grid-sizer col-xl-12 col-lg-12 col-md-12 col-sm-12 col-12\"><\/div>\n                                <div class=\"grid-item col-xl-12 col-lg-12 col-md-12 col-sm-12 col-12 filter-category-55\">\n                    <div class=\"grid-item-inner wow fadeInUp\">\n                                                    <div class=\"item--featured\">\n                                <a class=\"bg-image\" href=\"https:\/\/www.montale.com.br\/it\/scuola-paritaria-montale\/\" style=\"background-image: url(https:\/\/www.montale.com.br\/wp-content\/uploads\/2025\/09\/Imagem-destacada-Blog-4-Scuola-Paritaria-scaled.png);\"><\/a>\n                                                                    <div class=\"item--date\">\n                                        <div class=\"item--date-inner\">\n                                            <span>19<\/span>\n                                            <span>Set<\/span>\n                                        <\/div>\n                                    <\/div>\n                                                            <\/div>\n                                                <div class=\"item--body\">\n                                                            <div class=\"item--category\">\n                                    <a href=\"https:\/\/www.montale.com.br\/it\/category\/blog\/\" rel=\"tag\">Blog<\/a>                                <\/div>\n                                                        <h3 class=\"item--title\"><a href=\"https:\/\/www.montale.com.br\/it\/scuola-paritaria-montale\/\">O que \u00e9 uma Scuola Paritaria e por que isso importa para as fam\u00edlias brasileiras?<\/a><\/h3>\n                                                            <div class=\"item--content\">\n                                                                    <\/div>\n                                                                                        <div class=\"item--readmore\">\n                                    <a class=\"btn btn-effect\" href=\"https:\/\/www.montale.com.br\/it\/scuola-paritaria-montale\/\">\n                                        <span>\n                                            Leia Mais...                                        <\/span>\n                                        <i class=\"flaticonv2-right-arrow\"><\/i>\n                                    <\/a>\n                                <\/div>\n                                                    <\/div>\n                    <\/div>\n                <\/div>\n                            <div class=\"grid-item col-xl-12 col-lg-12 col-md-12 col-sm-12 col-12 filter-category-55\">\n                    <div class=\"grid-item-inner wow fadeInUp\">\n                                                    <div class=\"item--featured\">\n                                <a class=\"bg-image\" href=\"https:\/\/www.montale.com.br\/it\/formacao-integral-na-montale\/\" style=\"background-image: url(https:\/\/www.montale.com.br\/wp-content\/uploads\/2025\/09\/Imagem-destacada-Blog-3-Formacao-Integral-scaled.png);\"><\/a>\n                                                                    <div class=\"item--date\">\n                                        <div class=\"item--date-inner\">\n                                            <span>18<\/span>\n                                            <span>Set<\/span>\n                                        <\/div>\n                                    <\/div>\n                                                            <\/div>\n                                                <div class=\"item--body\">\n                                                            <div class=\"item--category\">\n                                    <a href=\"https:\/\/www.montale.com.br\/it\/category\/blog\/\" rel=\"tag\">Blog<\/a>                                <\/div>\n                                                        <h3 class=\"item--title\"><a href=\"https:\/\/www.montale.com.br\/it\/formacao-integral-na-montale\/\">O que significa dizer que a Montale promove uma forma\u00e7\u00e3o integral?<\/a><\/h3>\n                                                            <div class=\"item--content\">\n                                                                    <\/div>\n                                                                                        <div class=\"item--readmore\">\n                                    <a class=\"btn btn-effect\" href=\"https:\/\/www.montale.com.br\/it\/formacao-integral-na-montale\/\">\n                                        <span>\n                                            Leia Mais...                                        <\/span>\n                                        <i class=\"flaticonv2-right-arrow\"><\/i>\n                                    <\/a>\n                                <\/div>\n                                                    <\/div>\n                    <\/div>\n                <\/div>\n                            <div class=\"grid-item col-xl-12 col-lg-12 col-md-12 col-sm-12 col-12 filter-category-55\">\n                    <div class=\"grid-item-inner wow fadeInUp\">\n                                                    <div class=\"item--featured\">\n                                <a class=\"bg-image\" href=\"https:\/\/www.montale.com.br\/it\/reggio-emilia-no-brasil\/\" style=\"background-image: url(https:\/\/www.montale.com.br\/wp-content\/uploads\/2025\/09\/Imagem-destacada-Blog-2-Montale-pioneira-reggio-emilia_Prancheta-1-scaled.png);\"><\/a>\n                                                                    <div class=\"item--date\">\n                                        <div class=\"item--date-inner\">\n                                            <span>09<\/span>\n                                            <span>Set<\/span>\n                                        <\/div>\n                                    <\/div>\n                                                            <\/div>\n                                                <div class=\"item--body\">\n                                                            <div class=\"item--category\">\n                                    <a href=\"https:\/\/www.montale.com.br\/it\/category\/blog\/\" rel=\"tag\">Blog<\/a>                                <\/div>\n                                                        <h3 class=\"item--title\"><a href=\"https:\/\/www.montale.com.br\/it\/reggio-emilia-no-brasil\/\">\u00c9 verdade que a Montale foi precursora da abordagem Reggio Emilia no Brasil?<\/a><\/h3>\n                                                            <div class=\"item--content\">\n                                                                    <\/div>\n                                                                                        <div class=\"item--readmore\">\n                                    <a class=\"btn btn-effect\" href=\"https:\/\/www.montale.com.br\/it\/reggio-emilia-no-brasil\/\">\n                                        <span>\n                                            Leia Mais...                                        <\/span>\n                                        <i class=\"flaticonv2-right-arrow\"><\/i>\n                                    <\/a>\n                                <\/div>\n                                                    <\/div>\n                    <\/div>\n                <\/div>\n                            <div class=\"grid-item col-xl-12 col-lg-12 col-md-12 col-sm-12 col-12 filter-category-55\">\n                    <div class=\"grid-item-inner wow fadeInUp\">\n                                                    <div class=\"item--featured\">\n                                <a class=\"bg-image\" href=\"https:\/\/www.montale.com.br\/it\/reggio-emilia-na-pratica-como-os-principios-dessa-abordagem-estao-presentes-no-dia-a-dia-da-montale\/\" style=\"background-image: url(https:\/\/www.montale.com.br\/wp-content\/uploads\/2025\/07\/Imagem-destacada-Blog-1-Reggio-emilia-cotidiano-1-scaled.png);\"><\/a>\n                                                                    <div class=\"item--date\">\n                                        <div class=\"item--date-inner\">\n                                            <span>31<\/span>\n                                            <span>Lug<\/span>\n                                        <\/div>\n                                    <\/div>\n                                                            <\/div>\n                                                <div class=\"item--body\">\n                                                            <div class=\"item--category\">\n                                    <a href=\"https:\/\/www.montale.com.br\/it\/category\/blog\/\" rel=\"tag\">Blog<\/a>                                <\/div>\n                                                        <h3 class=\"item--title\"><a href=\"https:\/\/www.montale.com.br\/it\/reggio-emilia-na-pratica-como-os-principios-dessa-abordagem-estao-presentes-no-dia-a-dia-da-montale\/\">Reggio Emilia na pr\u00e1tica: como os princ\u00edpios dessa abordagem est\u00e3o presentes no dia a dia da Montale<\/a><\/h3>\n                                                            <div class=\"item--content\">\n                                                                    <\/div>\n                                                                                        <div class=\"item--readmore\">\n                                    <a class=\"btn btn-effect\" href=\"https:\/\/www.montale.com.br\/it\/reggio-emilia-na-pratica-como-os-principios-dessa-abordagem-estao-presentes-no-dia-a-dia-da-montale\/\">\n                                        <span>\n                                            Leia Mais...                                        <\/span>\n                                        <i class=\"flaticonv2-right-arrow\"><\/i>\n                                    <\/a>\n                                <\/div>\n                                                    <\/div>\n                    <\/div>\n                <\/div>\n                <\/div>\n            <div class=\"ct-grid-pagination\" data-loadmore=\"{&quot;startPage&quot;:1,&quot;maxPages&quot;:1,&quot;total&quot;:4,&quot;perpage&quot;:9,&quot;nextLink&quot;:&quot;&quot;,&quot;source&quot;:[&quot;blog|category&quot;],&quot;orderby&quot;:&quot;date&quot;,&quot;order&quot;:&quot;desc&quot;,&quot;limit&quot;:9,&quot;post_ids&quot;:&quot;&quot;,&quot;col_xl&quot;:12,&quot;col_lg&quot;:12,&quot;col_md&quot;:12,&quot;col_sm&quot;:12,&quot;col_xs&quot;:12,&quot;thumbnail_size&quot;:&quot;custom&quot;,&quot;thumbnail_custom_dimension&quot;:{&quot;width&quot;:&quot;400&quot;,&quot;height&quot;:&quot;250&quot;},&quot;pagination_type&quot;:&quot;pagination&quot;,&quot;show_category&quot;:&quot;true&quot;,&quot;show_excerpt&quot;:&quot;true&quot;,&quot;num_words&quot;:25,&quot;show_date&quot;:&quot;true&quot;,&quot;show_button&quot;:&quot;true&quot;,&quot;button_text&quot;:&quot;Leia Mais...&quot;,&quot;ct_animate&quot;:&quot;wow fadeInUp&quot;,&quot;template_type&quot;:&quot;post_grid_layout5&quot;,&quot;tax&quot;:[&quot;category&quot;]}\" data-query=\"{&quot;post_type&quot;:&quot;post&quot;,&quot;posts_per_page&quot;:9,&quot;order&quot;:&quot;desc&quot;,&quot;orderby&quot;:&quot;date&quot;,&quot;tax_query&quot;:{&quot;relation&quot;:&quot;OR&quot;,&quot;0&quot;:{&quot;taxonomy&quot;:&quot;category&quot;,&quot;field&quot;:&quot;slug&quot;,&quot;operator&quot;:&quot;IN&quot;,&quot;terms&quot;:[&quot;blog&quot;]}},&quot;post__not_in&quot;:[9469]}\">\n                    <\/div>\n        <\/div>\t\t<\/div>\n\t\t\t\t<\/div>\n\t\t            <\/div>\n        <\/div>\n                            <\/div>\n        <\/section>\n                <section class=\"elementor-section elementor-top-section elementor-element elementor-element-6995dc8 elementor-section-boxed elementor-section-height-default elementor-section-height-default ct-header-fixed-none ct-row-max-none\" data-id=\"6995dc8\" data-element_type=\"section\">\n            \n                        <div class=\"elementor-container elementor-column-gap-default\">\n                    <div class=\"elementor-column elementor-col-100 elementor-top-column elementor-element elementor-element-eef2cde\" data-id=\"eef2cde\" data-element_type=\"column\">\n            <div class=\"elementor-widget-wrap elementor-element-populated\">\n                        \t\t<div class=\"elementor-element elementor-element-77951a9 elementor-widget elementor-widget-spacer\" data-id=\"77951a9\" data-element_type=\"widget\" data-widget_type=\"spacer.default\">\n\t\t\t\t<div class=\"elementor-widget-container\">\n\t\t\t<style>\/*! elementor - v3.18.0 - 04-12-2023 *\/\n.elementor-column .elementor-spacer-inner{height:var(--spacer-size)}.e-con{--container-widget-width:100%}.e-con-inner>.elementor-widget-spacer,.e-con>.elementor-widget-spacer{width:var(--container-widget-width,var(--spacer-size));--align-self:var(--container-widget-align-self,initial);--flex-shrink:0}.e-con-inner>.elementor-widget-spacer>.elementor-widget-container,.e-con>.elementor-widget-spacer>.elementor-widget-container{height:100%;width:100%}.e-con-inner>.elementor-widget-spacer>.elementor-widget-container>.elementor-spacer,.e-con>.elementor-widget-spacer>.elementor-widget-container>.elementor-spacer{height:100%}.e-con-inner>.elementor-widget-spacer>.elementor-widget-container>.elementor-spacer>.elementor-spacer-inner,.e-con>.elementor-widget-spacer>.elementor-widget-container>.elementor-spacer>.elementor-spacer-inner{height:var(--container-widget-height,var(--spacer-size))}.e-con-inner>.elementor-widget-spacer.elementor-widget-empty,.e-con>.elementor-widget-spacer.elementor-widget-empty{position:relative;min-height:22px;min-width:22px}.e-con-inner>.elementor-widget-spacer.elementor-widget-empty .elementor-widget-empty-icon,.e-con>.elementor-widget-spacer.elementor-widget-empty .elementor-widget-empty-icon{position:absolute;top:0;bottom:0;left:0;right:0;margin:auto;padding:0;width:22px;height:22px}<\/style>\t\t<div class=\"elementor-spacer\">\n\t\t\t<div class=\"elementor-spacer-inner\"><\/div>\n\t\t<\/div>\n\t\t\t\t<\/div>\n\t\t\t\t<\/div>\n\t\t            <\/div>\n        <\/div>\n                            <\/div>\n        <\/section>\n        \t\t\t\t\t<\/div>","protected":false},"excerpt":{"rendered":"<p>BLOG Conte\u00fado que conecta voc\u00ea ao nosso projeto\u00a0pedag\u00f3gico! 31 jul Blog Reggio Emilia na pr\u00e1tica: como os princ\u00edpios dessa abordagem est\u00e3o presentes no dia a dia da Montale Leia Mais&#8230;<\/p>","protected":false},"author":1,"featured_media":0,"parent":0,"menu_order":0,"comment_status":"closed","ping_status":"closed","template":"","meta":{"footnotes":""},"class_list":["post-9469","page","type-page","status-publish","hentry"],"_links":{"self":[{"href":"https:\/\/www.montale.com.br\/it\/wp-json\/wp\/v2\/pages\/9469","targetHints":{"allow":["GET"]}}],"collection":[{"href":"https:\/\/www.montale.com.br\/it\/wp-json\/wp\/v2\/pages"}],"about":[{"href":"https:\/\/www.montale.com.br\/it\/wp-json\/wp\/v2\/types\/page"}],"author":[{"embeddable":true,"href":"https:\/\/www.montale.com.br\/it\/wp-json\/wp\/v2\/users\/1"}],"replies":[{"embeddable":true,"href":"https:\/\/www.montale.com.br\/it\/wp-json\/wp\/v2\/comments?post=9469"}],"version-history":[{"count":10,"href":"https:\/\/www.montale.com.br\/it\/wp-json\/wp\/v2\/pages\/9469\/revisions"}],"predecessor-version":[{"id":9480,"href":"https:\/\/www.montale.com.br\/it\/wp-json\/wp\/v2\/pages\/9469\/revisions\/9480"}],"wp:attachment":[{"href":"https:\/\/www.montale.com.br\/it\/wp-json\/wp\/v2\/media?parent=9469"}],"curies":[{"name":"wp","href":"https:\/\/api.w.org\/{rel}","templated":true}]}}