{"id":6292,"date":"2023-09-29T20:57:56","date_gmt":"2023-09-29T23:57:56","guid":{"rendered":"https:\/\/www.montale.com.br\/?page_id=6292"},"modified":"2026-03-26T15:12:26","modified_gmt":"2026-03-26T18:12:26","slug":"atividades-extras","status":"publish","type":"page","link":"https:\/\/www.montale.com.br\/it\/atividades-extras\/","title":{"rendered":"ATTIVIT\u00c0 EXTRA"},"content":{"rendered":"<div data-elementor-type=\"wp-page\" data-elementor-id=\"6292\" class=\"elementor elementor-6292\" data-elementor-post-type=\"page\">\n\t\t\t\t\t\t\t        <section class=\"elementor-section elementor-top-section elementor-element elementor-element-7e89b58 elementor-section-boxed elementor-section-height-default elementor-section-height-default ct-header-fixed-none ct-row-max-none\" data-id=\"7e89b58\" data-element_type=\"section\">\n            \n                        <div class=\"elementor-container elementor-column-gap-default\">\n                    <div class=\"elementor-column elementor-col-100 elementor-top-column elementor-element elementor-element-64cf984\" data-id=\"64cf984\" data-element_type=\"column\">\n            <div class=\"elementor-widget-wrap elementor-element-populated\">\n                        \t\t<div class=\"elementor-element elementor-element-4b37f81 elementor-widget elementor-widget-spacer\" data-id=\"4b37f81\" data-element_type=\"widget\" data-widget_type=\"spacer.default\">\n\t\t\t\t<div class=\"elementor-widget-container\">\n\t\t\t<style>\/*! elementor - v3.18.0 - 04-12-2023 *\/\n.elementor-column .elementor-spacer-inner{height:var(--spacer-size)}.e-con{--container-widget-width:100%}.e-con-inner>.elementor-widget-spacer,.e-con>.elementor-widget-spacer{width:var(--container-widget-width,var(--spacer-size));--align-self:var(--container-widget-align-self,initial);--flex-shrink:0}.e-con-inner>.elementor-widget-spacer>.elementor-widget-container,.e-con>.elementor-widget-spacer>.elementor-widget-container{height:100%;width:100%}.e-con-inner>.elementor-widget-spacer>.elementor-widget-container>.elementor-spacer,.e-con>.elementor-widget-spacer>.elementor-widget-container>.elementor-spacer{height:100%}.e-con-inner>.elementor-widget-spacer>.elementor-widget-container>.elementor-spacer>.elementor-spacer-inner,.e-con>.elementor-widget-spacer>.elementor-widget-container>.elementor-spacer>.elementor-spacer-inner{height:var(--container-widget-height,var(--spacer-size))}.e-con-inner>.elementor-widget-spacer.elementor-widget-empty,.e-con>.elementor-widget-spacer.elementor-widget-empty{position:relative;min-height:22px;min-width:22px}.e-con-inner>.elementor-widget-spacer.elementor-widget-empty .elementor-widget-empty-icon,.e-con>.elementor-widget-spacer.elementor-widget-empty .elementor-widget-empty-icon{position:absolute;top:0;bottom:0;left:0;right:0;margin:auto;padding:0;width:22px;height:22px}<\/style>\t\t<div class=\"elementor-spacer\">\n\t\t\t<div class=\"elementor-spacer-inner\"><\/div>\n\t\t<\/div>\n\t\t\t\t<\/div>\n\t\t\t\t<\/div>\n\t\t            <\/div>\n        <\/div>\n                            <\/div>\n        <\/section>\n                <section class=\"elementor-section elementor-top-section elementor-element elementor-element-f1de463 elementor-section-boxed elementor-section-height-default elementor-section-height-default ct-header-fixed-none ct-row-max-none\" data-id=\"f1de463\" data-element_type=\"section\">\n            \n                        <div class=\"elementor-container elementor-column-gap-extended\">\n                    <div class=\"elementor-column elementor-col-100 elementor-top-column elementor-element elementor-element-1c1e2e8\" data-id=\"1c1e2e8\" data-element_type=\"column\">\n            <div class=\"elementor-widget-wrap elementor-element-populated\">\n                        \t\t<div class=\"elementor-element elementor-element-f563ee3 elementor-widget elementor-widget-ct_heading\" data-id=\"f563ee3\" data-element_type=\"widget\" data-widget_type=\"ct_heading.default\">\n\t\t\t\t<div class=\"elementor-widget-container\">\n\t\t\t<div id=\"ct_heading-f563ee3\" class=\"ct-heading h-align-center sub-style1 ct-heading-left item-st-default\">\n\t<div class=\"ct-item--inner\">\n        <div class=\"ct-inline-css\"  data-css=\"            \">\n        <\/div>\n                <h3 class=\"item--title st-default wow wow fadeInUp\" data-wow-delay=\"ms\">\n                        <span class=\"sp-main\">\n                \n                ATTIVIT\u00c0 EXTRA\n                \n                            <\/span>\n                    <\/h3>\n    <\/div>\n<\/div>\t\t<\/div>\n\t\t\t\t<\/div>\n\t\t\t\t<div class=\"elementor-element elementor-element-8e342bc wow fadeInUp elementor-widget elementor-widget-text-editor\" data-id=\"8e342bc\" data-element_type=\"widget\" data-widget_type=\"text-editor.default\">\n\t\t\t\t<div class=\"elementor-widget-container\">\n\t\t\t<style>\/*! elementor - v3.18.0 - 04-12-2023 *\/\n.elementor-widget-text-editor.elementor-drop-cap-view-stacked .elementor-drop-cap{background-color:#69727d;color:#fff}.elementor-widget-text-editor.elementor-drop-cap-view-framed .elementor-drop-cap{color:#69727d;border:3px solid;background-color:transparent}.elementor-widget-text-editor:not(.elementor-drop-cap-view-default) .elementor-drop-cap{margin-top:8px}.elementor-widget-text-editor:not(.elementor-drop-cap-view-default) .elementor-drop-cap-letter{width:1em;height:1em}.elementor-widget-text-editor .elementor-drop-cap{float:left;text-align:center;line-height:1;font-size:50px}.elementor-widget-text-editor .elementor-drop-cap-letter{display:inline-block}<\/style>\t\t\t\t<p>Qui alla Montale le attivit\u00e0 extrascolastiche, offerte dai nostri partner, fanno parte\ndella nostra proposta pedagogica e contribuiscono al pieno sviluppo dello studente,\ncoinvolgendolo e stimolandolo a partecipare attivamente ad azioni formative\nattraverso iniziative culturali, sportive, ambientali e di integrazione sociale.<\/p><p>Inoltre, le attivit\u00e0 extrascolastiche ci permettono di stimolare aspetti pedagogi fondamentali come imparare a conoscere, a fare, a vivere con gli altri e imparare a\nessere.<\/p><p>Visto quanto le attivit\u00e0 extrascolastiche sono una parte fondamentale\ndell'educazione?<\/p><p>Tenetevi aggiornati attraverso le nostre reti per scoprire di pi\u00f9!<\/p>\t\t\t\t\t\t<\/div>\n\t\t\t\t<\/div>\n\t\t            <\/div>\n        <\/div>\n                            <\/div>\n        <\/section>\n                <section class=\"elementor-section elementor-top-section elementor-element elementor-element-9ec41bc elementor-section-boxed elementor-section-height-default elementor-section-height-default ct-header-fixed-none ct-row-max-none\" data-id=\"9ec41bc\" data-element_type=\"section\">\n            \n                        <div class=\"elementor-container elementor-column-gap-default\">\n                    <div class=\"elementor-column elementor-col-100 elementor-top-column elementor-element elementor-element-0162ab3\" data-id=\"0162ab3\" data-element_type=\"column\">\n            <div class=\"elementor-widget-wrap elementor-element-populated\">\n                        \t\t<div class=\"elementor-element elementor-element-f2e8dad elementor-widget elementor-widget-spacer\" data-id=\"f2e8dad\" data-element_type=\"widget\" data-widget_type=\"spacer.default\">\n\t\t\t\t<div class=\"elementor-widget-container\">\n\t\t\t\t\t<div class=\"elementor-spacer\">\n\t\t\t<div class=\"elementor-spacer-inner\"><\/div>\n\t\t<\/div>\n\t\t\t\t<\/div>\n\t\t\t\t<\/div>\n\t\t            <\/div>\n        <\/div>\n                            <\/div>\n        <\/section>\n                <section class=\"elementor-section elementor-top-section elementor-element elementor-element-de37b47 elementor-section-boxed elementor-section-height-default elementor-section-height-default ct-header-fixed-none ct-row-max-none\" data-id=\"de37b47\" data-element_type=\"section\">\n            \n                        <div class=\"elementor-container elementor-column-gap-default\">\n                    <div class=\"elementor-column elementor-col-100 elementor-top-column elementor-element elementor-element-4980a41\" data-id=\"4980a41\" data-element_type=\"column\">\n            <div class=\"elementor-widget-wrap elementor-element-populated\">\n                        \t\t<div class=\"elementor-element elementor-element-b7ff755 elementor-widget elementor-widget-image\" data-id=\"b7ff755\" data-element_type=\"widget\" data-widget_type=\"image.default\">\n\t\t\t\t<div class=\"elementor-widget-container\">\n\t\t\t<style>\/*! elementor - v3.18.0 - 04-12-2023 *\/\n.elementor-widget-image{text-align:center}.elementor-widget-image a{display:inline-block}.elementor-widget-image a img[src$=\".svg\"]{width:48px}.elementor-widget-image img{vertical-align:middle;display:inline-block}<\/style>\t\t\t\t\t\t\t\t\t\t\t\t<img fetchpriority=\"high\" decoding=\"async\" width=\"640\" height=\"427\" src=\"https:\/\/www.montale.com.br\/wp-content\/uploads\/2026\/03\/CM2A7284-1024x683.jpg\" class=\"attachment-large size-large wp-image-9945\" alt=\"\" srcset=\"https:\/\/www.montale.com.br\/wp-content\/uploads\/2026\/03\/CM2A7284-1024x683.jpg 1024w, https:\/\/www.montale.com.br\/wp-content\/uploads\/2026\/03\/CM2A7284-300x200.jpg 300w, https:\/\/www.montale.com.br\/wp-content\/uploads\/2026\/03\/CM2A7284-768x512.jpg 768w, https:\/\/www.montale.com.br\/wp-content\/uploads\/2026\/03\/CM2A7284-1536x1024.jpg 1536w, https:\/\/www.montale.com.br\/wp-content\/uploads\/2026\/03\/CM2A7284-2048x1365.jpg 2048w, https:\/\/www.montale.com.br\/wp-content\/uploads\/2026\/03\/CM2A7284-18x12.jpg 18w\" sizes=\"(max-width: 640px) 100vw, 640px\" \/>\t\t\t\t\t\t\t\t\t\t\t\t\t\t\t<\/div>\n\t\t\t\t<\/div>\n\t\t            <\/div>\n        <\/div>\n                            <\/div>\n        <\/section>\n        \t\t\t\t\t<\/div>","protected":false},"excerpt":{"rendered":"<p>ATIVIDADES EXTRAS Aqui na Montale, as atividades extracurriculares, oferecidas por nossos parceiros, fazem parte da nossa Proposta Pedag\u00f3gica e contribuem para o desenvolvimento pleno do aluno, envolvendo-o e estimulando-o a participar ativamente de a\u00e7\u00f5es formativas atrav\u00e9s de iniciativas culturais, esportivas, ambientais e de integra\u00e7\u00e3o social. Al\u00e9m disso, as atividades extracurriculares permitem o est\u00edmulo de aspectos [&hellip;]<\/p>","protected":false},"author":1,"featured_media":0,"parent":0,"menu_order":0,"comment_status":"closed","ping_status":"closed","template":"","meta":{"footnotes":""},"class_list":["post-6292","page","type-page","status-publish","hentry"],"_links":{"self":[{"href":"https:\/\/www.montale.com.br\/it\/wp-json\/wp\/v2\/pages\/6292","targetHints":{"allow":["GET"]}}],"collection":[{"href":"https:\/\/www.montale.com.br\/it\/wp-json\/wp\/v2\/pages"}],"about":[{"href":"https:\/\/www.montale.com.br\/it\/wp-json\/wp\/v2\/types\/page"}],"author":[{"embeddable":true,"href":"https:\/\/www.montale.com.br\/it\/wp-json\/wp\/v2\/users\/1"}],"replies":[{"embeddable":true,"href":"https:\/\/www.montale.com.br\/it\/wp-json\/wp\/v2\/comments?post=6292"}],"version-history":[{"count":49,"href":"https:\/\/www.montale.com.br\/it\/wp-json\/wp\/v2\/pages\/6292\/revisions"}],"predecessor-version":[{"id":9948,"href":"https:\/\/www.montale.com.br\/it\/wp-json\/wp\/v2\/pages\/6292\/revisions\/9948"}],"wp:attachment":[{"href":"https:\/\/www.montale.com.br\/it\/wp-json\/wp\/v2\/media?parent=6292"}],"curies":[{"name":"wp","href":"https:\/\/api.w.org\/{rel}","templated":true}]}}