{"id":6452,"date":"2023-09-30T23:25:32","date_gmt":"2023-10-01T02:25:32","guid":{"rendered":"https:\/\/www.montale.com.br\/?page_id=6452"},"modified":"2026-04-16T16:27:30","modified_gmt":"2026-04-16T19:27:30","slug":"horarios","status":"publish","type":"page","link":"http:\/\/www.montale.com.br\/pt\/horarios\/","title":{"rendered":"HOR\u00c1RIOS"},"content":{"rendered":"\t\t<div data-elementor-type=\"wp-page\" data-elementor-id=\"6452\" class=\"elementor elementor-6452\" data-elementor-post-type=\"page\">\n\t\t\t\t\t\t\t        <section class=\"elementor-section elementor-top-section elementor-element elementor-element-fde3de8 elementor-section-boxed elementor-section-height-default elementor-section-height-default ct-header-fixed-none ct-row-max-none\" data-id=\"fde3de8\" data-element_type=\"section\">\n            \n                        <div class=\"elementor-container elementor-column-gap-default \">\n                    <div class=\"elementor-column elementor-col-100 elementor-top-column elementor-element elementor-element-7cbab83\" data-id=\"7cbab83\" data-element_type=\"column\">\n            <div class=\"elementor-widget-wrap elementor-element-populated\">\n                        \t\t<div class=\"elementor-element elementor-element-e9d7c0a elementor-widget elementor-widget-spacer\" data-id=\"e9d7c0a\" data-element_type=\"widget\" data-widget_type=\"spacer.default\">\n\t\t\t\t<div class=\"elementor-widget-container\">\n\t\t\t<style>\/*! elementor - v3.18.0 - 04-12-2023 *\/\n.elementor-column .elementor-spacer-inner{height:var(--spacer-size)}.e-con{--container-widget-width:100%}.e-con-inner>.elementor-widget-spacer,.e-con>.elementor-widget-spacer{width:var(--container-widget-width,var(--spacer-size));--align-self:var(--container-widget-align-self,initial);--flex-shrink:0}.e-con-inner>.elementor-widget-spacer>.elementor-widget-container,.e-con>.elementor-widget-spacer>.elementor-widget-container{height:100%;width:100%}.e-con-inner>.elementor-widget-spacer>.elementor-widget-container>.elementor-spacer,.e-con>.elementor-widget-spacer>.elementor-widget-container>.elementor-spacer{height:100%}.e-con-inner>.elementor-widget-spacer>.elementor-widget-container>.elementor-spacer>.elementor-spacer-inner,.e-con>.elementor-widget-spacer>.elementor-widget-container>.elementor-spacer>.elementor-spacer-inner{height:var(--container-widget-height,var(--spacer-size))}.e-con-inner>.elementor-widget-spacer.elementor-widget-empty,.e-con>.elementor-widget-spacer.elementor-widget-empty{position:relative;min-height:22px;min-width:22px}.e-con-inner>.elementor-widget-spacer.elementor-widget-empty .elementor-widget-empty-icon,.e-con>.elementor-widget-spacer.elementor-widget-empty .elementor-widget-empty-icon{position:absolute;top:0;bottom:0;left:0;right:0;margin:auto;padding:0;width:22px;height:22px}<\/style>\t\t<div class=\"elementor-spacer\">\n\t\t\t<div class=\"elementor-spacer-inner\"><\/div>\n\t\t<\/div>\n\t\t\t\t<\/div>\n\t\t\t\t<\/div>\n\t\t            <\/div>\n        <\/div>\n                            <\/div>\n        <\/section>\n                <section class=\"elementor-section elementor-top-section elementor-element elementor-element-948b756 elementor-section-boxed elementor-section-height-default elementor-section-height-default ct-header-fixed-none ct-row-max-none\" data-id=\"948b756\" data-element_type=\"section\">\n            \n                        <div class=\"elementor-container elementor-column-gap-default \">\n                    <div class=\"elementor-column elementor-col-50 elementor-top-column elementor-element elementor-element-06f8b25\" data-id=\"06f8b25\" data-element_type=\"column\">\n            <div class=\"elementor-widget-wrap elementor-element-populated\">\n                        \t\t<div class=\"elementor-element elementor-element-f563ee3 elementor-widget elementor-widget-ct_heading\" data-id=\"f563ee3\" data-element_type=\"widget\" data-widget_type=\"ct_heading.default\">\n\t\t\t\t<div class=\"elementor-widget-container\">\n\t\t\t<div id=\"ct_heading-f563ee3\" class=\"ct-heading h-align-center sub-style1 ct-heading-left item-st-default\">\n\t<div class=\"ct-item--inner\">\n        <div class=\"ct-inline-css\"  data-css=\"\n            \">\n        <\/div>\n                <h3 class=\"item--title st-default wow wow fadeInUp\" data-wow-delay=\"ms\">\n                        <span class=\"sp-main\">\n                \n                HOR\u00c1RIOS\n                \n                            <\/span>\n                    <\/h3>\n    <\/div>\n<\/div>\t\t<\/div>\n\t\t\t\t<\/div>\n\t\t\t\t<div class=\"elementor-element elementor-element-31d1559 wow fadeInUp elementor-widget elementor-widget-text-editor\" data-id=\"31d1559\" data-element_type=\"widget\" data-widget_type=\"text-editor.default\">\n\t\t\t\t<div class=\"elementor-widget-container\">\n\t\t\t<style>\/*! elementor - v3.18.0 - 04-12-2023 *\/\n.elementor-widget-text-editor.elementor-drop-cap-view-stacked .elementor-drop-cap{background-color:#69727d;color:#fff}.elementor-widget-text-editor.elementor-drop-cap-view-framed .elementor-drop-cap{color:#69727d;border:3px solid;background-color:transparent}.elementor-widget-text-editor:not(.elementor-drop-cap-view-default) .elementor-drop-cap{margin-top:8px}.elementor-widget-text-editor:not(.elementor-drop-cap-view-default) .elementor-drop-cap-letter{width:1em;height:1em}.elementor-widget-text-editor .elementor-drop-cap{float:left;text-align:center;line-height:1;font-size:50px}.elementor-widget-text-editor .elementor-drop-cap-letter{display:inline-block}<\/style>\t\t\t\t<p><strong>Hor\u00e1rio de funcionamento da escola:<\/strong><br \/>De segunda a sexta-feira das 7:30 \u00e0s 17:30<\/p><p><strong>Atendimento secretaria:<\/strong><br \/>De segunda a sexta-feira das 8:00 \u00e0s 12:00 e das 13:30 \u00e0s 17:30<\/p><p><strong>Hor\u00e1rio letivo:<\/strong><br \/>Integral das 7:50 \u00e0s 15:45<\/p><p><strong>Atividades extracurriculares:<\/strong><br \/>Das 15:45 \u00e0s 17:00<\/p>\t\t\t\t\t\t<\/div>\n\t\t\t\t<\/div>\n\t\t            <\/div>\n        <\/div>\n                <div class=\"elementor-column elementor-col-50 elementor-top-column elementor-element elementor-element-0c93c6d\" data-id=\"0c93c6d\" data-element_type=\"column\">\n            <div class=\"elementor-widget-wrap elementor-element-populated\">\n                        \t\t<div class=\"elementor-element elementor-element-6654385 elementor-widget elementor-widget-image\" data-id=\"6654385\" data-element_type=\"widget\" data-widget_type=\"image.default\">\n\t\t\t\t<div class=\"elementor-widget-container\">\n\t\t\t<style>\/*! elementor - v3.18.0 - 04-12-2023 *\/\n.elementor-widget-image{text-align:center}.elementor-widget-image a{display:inline-block}.elementor-widget-image a img[src$=\".svg\"]{width:48px}.elementor-widget-image img{vertical-align:middle;display:inline-block}<\/style>\t\t\t\t\t\t\t\t\t\t\t\t<img decoding=\"async\" src=\"https:\/\/www.montale.com.br\/wp-content\/uploads\/elementor\/thumbs\/RELOGIO-qgjlbv5if42j1o964sall4zmc2yz7u0fg9x18cz4zk.png\" title=\"RELOGIO\" alt=\"RELOGIO\" loading=\"lazy\" \/>\t\t\t\t\t\t\t\t\t\t\t\t\t\t\t<\/div>\n\t\t\t\t<\/div>\n\t\t            <\/div>\n        <\/div>\n                            <\/div>\n        <\/section>\n                <section class=\"elementor-section elementor-top-section elementor-element elementor-element-81d9b18 elementor-section-boxed elementor-section-height-default elementor-section-height-default ct-header-fixed-none ct-row-max-none\" data-id=\"81d9b18\" data-element_type=\"section\">\n            \n                        <div class=\"elementor-container elementor-column-gap-default \">\n                    <div class=\"elementor-column elementor-col-100 elementor-top-column elementor-element elementor-element-bf0550a\" data-id=\"bf0550a\" data-element_type=\"column\">\n            <div class=\"elementor-widget-wrap elementor-element-populated\">\n                        \t\t<div class=\"elementor-element elementor-element-33224a1 elementor-widget elementor-widget-spacer\" data-id=\"33224a1\" data-element_type=\"widget\" data-widget_type=\"spacer.default\">\n\t\t\t\t<div class=\"elementor-widget-container\">\n\t\t\t\t\t<div class=\"elementor-spacer\">\n\t\t\t<div class=\"elementor-spacer-inner\"><\/div>\n\t\t<\/div>\n\t\t\t\t<\/div>\n\t\t\t\t<\/div>\n\t\t            <\/div>\n        <\/div>\n                            <\/div>\n        <\/section>\n        \t\t\t\t\t<\/div>\n\t\t","protected":false},"excerpt":{"rendered":"<p>HOR\u00c1RIOS Hor\u00e1rio de funcionamento da escola:De segunda a sexta-feira das 7:30 \u00e0s 17:30 Atendimento secretaria:De segunda a sexta-feira das 8:00 \u00e0s 12:00 e das 13:30 \u00e0s 17:30 Hor\u00e1rio letivo:Integral das 7:50 \u00e0s 15:45 Atividades extracurriculares:Das 15:45 \u00e0s 17:00<\/p>\n","protected":false},"author":1,"featured_media":0,"parent":0,"menu_order":0,"comment_status":"closed","ping_status":"closed","template":"","meta":{"footnotes":""},"class_list":["post-6452","page","type-page","status-publish","hentry"],"_links":{"self":[{"href":"http:\/\/www.montale.com.br\/pt\/wp-json\/wp\/v2\/pages\/6452","targetHints":{"allow":["GET"]}}],"collection":[{"href":"http:\/\/www.montale.com.br\/pt\/wp-json\/wp\/v2\/pages"}],"about":[{"href":"http:\/\/www.montale.com.br\/pt\/wp-json\/wp\/v2\/types\/page"}],"author":[{"embeddable":true,"href":"http:\/\/www.montale.com.br\/pt\/wp-json\/wp\/v2\/users\/1"}],"replies":[{"embeddable":true,"href":"http:\/\/www.montale.com.br\/pt\/wp-json\/wp\/v2\/comments?post=6452"}],"version-history":[{"count":10,"href":"http:\/\/www.montale.com.br\/pt\/wp-json\/wp\/v2\/pages\/6452\/revisions"}],"predecessor-version":[{"id":9994,"href":"http:\/\/www.montale.com.br\/pt\/wp-json\/wp\/v2\/pages\/6452\/revisions\/9994"}],"wp:attachment":[{"href":"http:\/\/www.montale.com.br\/pt\/wp-json\/wp\/v2\/media?parent=6452"}],"curies":[{"name":"wp","href":"https:\/\/api.w.org\/{rel}","templated":true}]}}