{"id":6478,"date":"2023-10-01T00:43:45","date_gmt":"2023-10-01T03:43:45","guid":{"rendered":"https:\/\/www.montale.com.br\/?page_id=6478"},"modified":"2025-02-05T13:54:40","modified_gmt":"2025-02-05T16:54:40","slug":"transporte-escolar","status":"publish","type":"page","link":"http:\/\/www.montale.com.br\/it\/transporte-escolar\/","title":{"rendered":"TRASPORTO SCOLASTICO"},"content":{"rendered":"<div data-elementor-type=\"wp-page\" data-elementor-id=\"6478\" class=\"elementor elementor-6478\" data-elementor-post-type=\"page\">\n\t\t\t\t\t\t\t        <section class=\"elementor-section elementor-top-section elementor-element elementor-element-fde3de8 elementor-section-boxed elementor-section-height-default elementor-section-height-default ct-header-fixed-none ct-row-max-none\" data-id=\"fde3de8\" data-element_type=\"section\">\n            \n                        <div class=\"elementor-container elementor-column-gap-default\">\n                    <div class=\"elementor-column elementor-col-100 elementor-top-column elementor-element elementor-element-7cbab83\" data-id=\"7cbab83\" data-element_type=\"column\">\n            <div class=\"elementor-widget-wrap elementor-element-populated\">\n                        \t\t<div class=\"elementor-element elementor-element-e9d7c0a elementor-widget elementor-widget-spacer\" data-id=\"e9d7c0a\" data-element_type=\"widget\" data-widget_type=\"spacer.default\">\n\t\t\t\t<div class=\"elementor-widget-container\">\n\t\t\t<style>\/*! elementor - v3.18.0 - 04-12-2023 *\/\n.elementor-column .elementor-spacer-inner{height:var(--spacer-size)}.e-con{--container-widget-width:100%}.e-con-inner>.elementor-widget-spacer,.e-con>.elementor-widget-spacer{width:var(--container-widget-width,var(--spacer-size));--align-self:var(--container-widget-align-self,initial);--flex-shrink:0}.e-con-inner>.elementor-widget-spacer>.elementor-widget-container,.e-con>.elementor-widget-spacer>.elementor-widget-container{height:100%;width:100%}.e-con-inner>.elementor-widget-spacer>.elementor-widget-container>.elementor-spacer,.e-con>.elementor-widget-spacer>.elementor-widget-container>.elementor-spacer{height:100%}.e-con-inner>.elementor-widget-spacer>.elementor-widget-container>.elementor-spacer>.elementor-spacer-inner,.e-con>.elementor-widget-spacer>.elementor-widget-container>.elementor-spacer>.elementor-spacer-inner{height:var(--container-widget-height,var(--spacer-size))}.e-con-inner>.elementor-widget-spacer.elementor-widget-empty,.e-con>.elementor-widget-spacer.elementor-widget-empty{position:relative;min-height:22px;min-width:22px}.e-con-inner>.elementor-widget-spacer.elementor-widget-empty .elementor-widget-empty-icon,.e-con>.elementor-widget-spacer.elementor-widget-empty .elementor-widget-empty-icon{position:absolute;top:0;bottom:0;left:0;right:0;margin:auto;padding:0;width:22px;height:22px}<\/style>\t\t<div class=\"elementor-spacer\">\n\t\t\t<div class=\"elementor-spacer-inner\"><\/div>\n\t\t<\/div>\n\t\t\t\t<\/div>\n\t\t\t\t<\/div>\n\t\t            <\/div>\n        <\/div>\n                            <\/div>\n        <\/section>\n                <section class=\"elementor-section elementor-top-section elementor-element elementor-element-c2a6ac2 elementor-section-boxed elementor-section-height-default elementor-section-height-default ct-header-fixed-none ct-row-max-none\" data-id=\"c2a6ac2\" data-element_type=\"section\">\n            \n                        <div class=\"elementor-container elementor-column-gap-default\">\n                    <div class=\"elementor-column elementor-col-50 elementor-top-column elementor-element elementor-element-a57b415\" data-id=\"a57b415\" data-element_type=\"column\">\n            <div class=\"elementor-widget-wrap elementor-element-populated\">\n                        \t\t<div class=\"elementor-element elementor-element-f563ee3 elementor-widget elementor-widget-ct_heading\" data-id=\"f563ee3\" data-element_type=\"widget\" data-widget_type=\"ct_heading.default\">\n\t\t\t\t<div class=\"elementor-widget-container\">\n\t\t\t<div id=\"ct_heading-f563ee3\" class=\"ct-heading h-align-center sub-style1 ct-heading-left item-st-default\">\n\t<div class=\"ct-item--inner\">\n        <div class=\"ct-inline-css\"  data-css=\"            \">\n        <\/div>\n                <h3 class=\"item--title st-default wow wow fadeInUp\" data-wow-delay=\"ms\">\n                        <span class=\"sp-main\">\n                \n                TRASPORTO SCOLASTICO\n                \n                            <\/span>\n                    <\/h3>\n    <\/div>\n<\/div>\t\t<\/div>\n\t\t\t\t<\/div>\n\t\t\t\t<div class=\"elementor-element elementor-element-31d1559 wow fadeInUp elementor-widget elementor-widget-text-editor\" data-id=\"31d1559\" data-element_type=\"widget\" data-widget_type=\"text-editor.default\">\n\t\t\t\t<div class=\"elementor-widget-container\">\n\t\t\t<style>\/*! elementor - v3.18.0 - 04-12-2023 *\/\n.elementor-widget-text-editor.elementor-drop-cap-view-stacked .elementor-drop-cap{background-color:#69727d;color:#fff}.elementor-widget-text-editor.elementor-drop-cap-view-framed .elementor-drop-cap{color:#69727d;border:3px solid;background-color:transparent}.elementor-widget-text-editor:not(.elementor-drop-cap-view-default) .elementor-drop-cap{margin-top:8px}.elementor-widget-text-editor:not(.elementor-drop-cap-view-default) .elementor-drop-cap-letter{width:1em;height:1em}.elementor-widget-text-editor .elementor-drop-cap{float:left;text-align:center;line-height:1;font-size:50px}.elementor-widget-text-editor .elementor-drop-cap-letter{display:inline-block}<\/style>\t\t\t\t<p>Questo servizio \u00e8 esternalizzato e la scuola indica alcuni fornitori di servizi:<\/p>\t\t\t\t\t\t<\/div>\n\t\t\t\t<\/div>\n\t\t            <\/div>\n        <\/div>\n                <div class=\"elementor-column elementor-col-50 elementor-top-column elementor-element elementor-element-98e881f\" data-id=\"98e881f\" data-element_type=\"column\">\n            <div class=\"elementor-widget-wrap elementor-element-populated\">\n                        \t\t<div class=\"elementor-element elementor-element-e916c49 elementor-widget elementor-widget-image\" data-id=\"e916c49\" data-element_type=\"widget\" data-widget_type=\"image.default\">\n\t\t\t\t<div class=\"elementor-widget-container\">\n\t\t\t<style>\/*! elementor - v3.18.0 - 04-12-2023 *\/\n.elementor-widget-image{text-align:center}.elementor-widget-image a{display:inline-block}.elementor-widget-image a img[src$=\".svg\"]{width:48px}.elementor-widget-image img{vertical-align:middle;display:inline-block}<\/style>\t\t\t\t\t\t\t\t\t\t\t\t<img decoding=\"async\" src=\"https:\/\/www.montale.com.br\/wp-content\/uploads\/elementor\/thumbs\/TRANSPORTE-ESCOLAR-2-qgjld1gmd24ylkumyr90r606wdzhm5d3oa263bv022.png\" title=\"TRASPORTO SCOLASTICO\" alt=\"TRANSPORTE ESCOLAR\" loading=\"lazy\" \/>\t\t\t\t\t\t\t\t\t\t\t\t\t\t\t<\/div>\n\t\t\t\t<\/div>\n\t\t            <\/div>\n        <\/div>\n                            <\/div>\n        <\/section>\n                <section class=\"elementor-section elementor-top-section elementor-element elementor-element-27a78ac elementor-section-boxed elementor-section-height-default elementor-section-height-default ct-header-fixed-none ct-row-max-none\" data-id=\"27a78ac\" data-element_type=\"section\">\n            \n                        <div class=\"elementor-container elementor-column-gap-default\">\n                    <div class=\"elementor-column elementor-col-50 elementor-top-column elementor-element elementor-element-22321cd\" data-id=\"22321cd\" data-element_type=\"column\">\n            <div class=\"elementor-widget-wrap elementor-element-populated\">\n                        \t\t<div class=\"elementor-element elementor-element-280ad4d elementor-widget elementor-widget-image\" data-id=\"280ad4d\" data-element_type=\"widget\" data-widget_type=\"image.default\">\n\t\t\t\t<div class=\"elementor-widget-container\">\n\t\t\t\t\t\t\t\t\t\t\t\t\t\t\t<img fetchpriority=\"high\" decoding=\"async\" width=\"1280\" height=\"321\" src=\"https:\/\/www.montale.com.br\/wp-content\/uploads\/2024\/09\/Transporte-site-4.jpg\" class=\"attachment-full size-full wp-image-8570\" alt=\"\" srcset=\"https:\/\/www.montale.com.br\/wp-content\/uploads\/2024\/09\/Transporte-site-4.jpg 1280w, https:\/\/www.montale.com.br\/wp-content\/uploads\/2024\/09\/Transporte-site-4-300x75.jpg 300w, https:\/\/www.montale.com.br\/wp-content\/uploads\/2024\/09\/Transporte-site-4-1024x257.jpg 1024w, https:\/\/www.montale.com.br\/wp-content\/uploads\/2024\/09\/Transporte-site-4-768x193.jpg 768w, https:\/\/www.montale.com.br\/wp-content\/uploads\/2024\/09\/Transporte-site-4-18x5.jpg 18w\" sizes=\"(max-width: 1280px) 100vw, 1280px\" \/>\t\t\t\t\t\t\t\t\t\t\t\t\t\t\t<\/div>\n\t\t\t\t<\/div>\n\t\t            <\/div>\n        <\/div>\n                <div class=\"elementor-column elementor-col-50 elementor-top-column elementor-element elementor-element-9bff53f\" data-id=\"9bff53f\" data-element_type=\"column\">\n            <div class=\"elementor-widget-wrap elementor-element-populated\">\n                        \t\t<div class=\"elementor-element elementor-element-86b61fc elementor-widget elementor-widget-image\" data-id=\"86b61fc\" data-element_type=\"widget\" data-widget_type=\"image.default\">\n\t\t\t\t<div class=\"elementor-widget-container\">\n\t\t\t\t\t\t\t\t\t\t\t\t\t\t\t<img decoding=\"async\" width=\"1280\" height=\"321\" src=\"https:\/\/www.montale.com.br\/wp-content\/uploads\/2024\/09\/Transporte-site-3.jpg\" class=\"attachment-full size-full wp-image-8569\" alt=\"\" srcset=\"https:\/\/www.montale.com.br\/wp-content\/uploads\/2024\/09\/Transporte-site-3.jpg 1280w, https:\/\/www.montale.com.br\/wp-content\/uploads\/2024\/09\/Transporte-site-3-300x75.jpg 300w, https:\/\/www.montale.com.br\/wp-content\/uploads\/2024\/09\/Transporte-site-3-1024x257.jpg 1024w, https:\/\/www.montale.com.br\/wp-content\/uploads\/2024\/09\/Transporte-site-3-768x193.jpg 768w, https:\/\/www.montale.com.br\/wp-content\/uploads\/2024\/09\/Transporte-site-3-18x5.jpg 18w\" sizes=\"(max-width: 1280px) 100vw, 1280px\" \/>\t\t\t\t\t\t\t\t\t\t\t\t\t\t\t<\/div>\n\t\t\t\t<\/div>\n\t\t            <\/div>\n        <\/div>\n                            <\/div>\n        <\/section>\n                <section class=\"elementor-section elementor-top-section elementor-element elementor-element-726dd6d elementor-section-boxed elementor-section-height-default elementor-section-height-default ct-header-fixed-none ct-row-max-none\" data-id=\"726dd6d\" data-element_type=\"section\">\n            \n                        <div class=\"elementor-container elementor-column-gap-default\">\n                    <div class=\"elementor-column elementor-col-100 elementor-top-column elementor-element elementor-element-4eea1a4\" data-id=\"4eea1a4\" data-element_type=\"column\">\n            <div class=\"elementor-widget-wrap elementor-element-populated\">\n                        \t\t<div class=\"elementor-element elementor-element-e539c7b elementor-widget elementor-widget-spacer\" data-id=\"e539c7b\" data-element_type=\"widget\" data-widget_type=\"spacer.default\">\n\t\t\t\t<div class=\"elementor-widget-container\">\n\t\t\t\t\t<div class=\"elementor-spacer\">\n\t\t\t<div class=\"elementor-spacer-inner\"><\/div>\n\t\t<\/div>\n\t\t\t\t<\/div>\n\t\t\t\t<\/div>\n\t\t            <\/div>\n        <\/div>\n                            <\/div>\n        <\/section>\n                <section class=\"elementor-section elementor-top-section elementor-element elementor-element-1d07674 elementor-section-boxed elementor-section-height-default elementor-section-height-default ct-header-fixed-none ct-row-max-none\" data-id=\"1d07674\" data-element_type=\"section\">\n            \n                        <div class=\"elementor-container elementor-column-gap-default\">\n                    <div class=\"elementor-column elementor-col-50 elementor-top-column elementor-element elementor-element-d58557a\" data-id=\"d58557a\" data-element_type=\"column\">\n            <div class=\"elementor-widget-wrap elementor-element-populated\">\n                        \t\t<div class=\"elementor-element elementor-element-a96d658 elementor-widget elementor-widget-image\" data-id=\"a96d658\" data-element_type=\"widget\" data-widget_type=\"image.default\">\n\t\t\t\t<div class=\"elementor-widget-container\">\n\t\t\t\t\t\t\t\t\t\t\t\t\t\t\t<img decoding=\"async\" width=\"1280\" height=\"321\" src=\"https:\/\/www.montale.com.br\/wp-content\/uploads\/2024\/09\/Transporte-site-1.jpg\" class=\"attachment-full size-full wp-image-8567\" alt=\"\" srcset=\"https:\/\/www.montale.com.br\/wp-content\/uploads\/2024\/09\/Transporte-site-1.jpg 1280w, https:\/\/www.montale.com.br\/wp-content\/uploads\/2024\/09\/Transporte-site-1-300x75.jpg 300w, https:\/\/www.montale.com.br\/wp-content\/uploads\/2024\/09\/Transporte-site-1-1024x257.jpg 1024w, https:\/\/www.montale.com.br\/wp-content\/uploads\/2024\/09\/Transporte-site-1-768x193.jpg 768w, https:\/\/www.montale.com.br\/wp-content\/uploads\/2024\/09\/Transporte-site-1-18x5.jpg 18w\" sizes=\"(max-width: 1280px) 100vw, 1280px\" \/>\t\t\t\t\t\t\t\t\t\t\t\t\t\t\t<\/div>\n\t\t\t\t<\/div>\n\t\t            <\/div>\n        <\/div>\n                <div class=\"elementor-column elementor-col-50 elementor-top-column elementor-element elementor-element-2135df6\" data-id=\"2135df6\" data-element_type=\"column\">\n            <div class=\"elementor-widget-wrap\">\n                                    <\/div>\n        <\/div>\n                            <\/div>\n        <\/section>\n                <section class=\"elementor-section elementor-top-section elementor-element elementor-element-7fdfe51 elementor-section-boxed elementor-section-height-default elementor-section-height-default ct-header-fixed-none ct-row-max-none\" data-id=\"7fdfe51\" data-element_type=\"section\">\n            \n                        <div class=\"elementor-container elementor-column-gap-default\">\n                    <div class=\"elementor-column elementor-col-100 elementor-top-column elementor-element elementor-element-f7ca2ed\" data-id=\"f7ca2ed\" data-element_type=\"column\">\n            <div class=\"elementor-widget-wrap elementor-element-populated\">\n                        \t\t<div class=\"elementor-element elementor-element-320df17 elementor-widget elementor-widget-spacer\" data-id=\"320df17\" data-element_type=\"widget\" data-widget_type=\"spacer.default\">\n\t\t\t\t<div class=\"elementor-widget-container\">\n\t\t\t\t\t<div class=\"elementor-spacer\">\n\t\t\t<div class=\"elementor-spacer-inner\"><\/div>\n\t\t<\/div>\n\t\t\t\t<\/div>\n\t\t\t\t<\/div>\n\t\t            <\/div>\n        <\/div>\n                            <\/div>\n        <\/section>\n                <section class=\"elementor-section elementor-top-section elementor-element elementor-element-f942785 elementor-section-boxed elementor-section-height-default elementor-section-height-default ct-header-fixed-none ct-row-max-none\" data-id=\"f942785\" data-element_type=\"section\">\n            \n                        <div class=\"elementor-container elementor-column-gap-default\">\n                    <div class=\"elementor-column elementor-col-100 elementor-top-column elementor-element elementor-element-d6aa5c5\" data-id=\"d6aa5c5\" data-element_type=\"column\">\n            <div class=\"elementor-widget-wrap elementor-element-populated\">\n                        \t\t<div class=\"elementor-element elementor-element-e5a7af9 elementor-widget elementor-widget-spacer\" data-id=\"e5a7af9\" data-element_type=\"widget\" data-widget_type=\"spacer.default\">\n\t\t\t\t<div class=\"elementor-widget-container\">\n\t\t\t\t\t<div class=\"elementor-spacer\">\n\t\t\t<div class=\"elementor-spacer-inner\"><\/div>\n\t\t<\/div>\n\t\t\t\t<\/div>\n\t\t\t\t<\/div>\n\t\t            <\/div>\n        <\/div>\n                            <\/div>\n        <\/section>\n                <section class=\"elementor-section elementor-top-section elementor-element elementor-element-de2e10d elementor-section-boxed elementor-section-height-default elementor-section-height-default ct-header-fixed-none ct-row-max-none\" data-id=\"de2e10d\" data-element_type=\"section\">\n            \n                        <div class=\"elementor-container elementor-column-gap-default\">\n                    <div class=\"elementor-column elementor-col-100 elementor-top-column elementor-element elementor-element-35866a6\" data-id=\"35866a6\" data-element_type=\"column\">\n            <div class=\"elementor-widget-wrap elementor-element-populated\">\n                        \t\t<div class=\"elementor-element elementor-element-b0b91fb wow fadeInUp elementor-widget elementor-widget-text-editor\" data-id=\"b0b91fb\" data-element_type=\"widget\" data-widget_type=\"text-editor.default\">\n\t\t\t\t<div class=\"elementor-widget-container\">\n\t\t\t\t\t\t\t<h5><strong><span style=\"color: #ff0000;\">IMPORTANTE<\/span><\/strong><\/h5><p>La consultazione e la contrattazione sono di responsabilit\u00e0 dei genitori e\/o responsabili finanziari.<\/p>\t\t\t\t\t\t<\/div>\n\t\t\t\t<\/div>\n\t\t            <\/div>\n        <\/div>\n                            <\/div>\n        <\/section>\n                <section class=\"elementor-section elementor-top-section elementor-element elementor-element-611eb1c elementor-section-boxed elementor-section-height-default elementor-section-height-default ct-header-fixed-none ct-row-max-none\" data-id=\"611eb1c\" data-element_type=\"section\">\n            \n                        <div class=\"elementor-container elementor-column-gap-default\">\n                    <div class=\"elementor-column elementor-col-100 elementor-top-column elementor-element elementor-element-b61c97c\" data-id=\"b61c97c\" data-element_type=\"column\">\n            <div class=\"elementor-widget-wrap elementor-element-populated\">\n                        \t\t<div class=\"elementor-element elementor-element-f4aa664 elementor-widget elementor-widget-spacer\" data-id=\"f4aa664\" data-element_type=\"widget\" data-widget_type=\"spacer.default\">\n\t\t\t\t<div class=\"elementor-widget-container\">\n\t\t\t\t\t<div class=\"elementor-spacer\">\n\t\t\t<div class=\"elementor-spacer-inner\"><\/div>\n\t\t<\/div>\n\t\t\t\t<\/div>\n\t\t\t\t<\/div>\n\t\t            <\/div>\n        <\/div>\n                            <\/div>\n        <\/section>\n        \t\t\t\t\t<\/div>","protected":false},"excerpt":{"rendered":"<p>TRANSPORTE ESCOLAR Esse servi\u00e7o \u00e9 terceirizado e a escola indica alguns prestadores de servi\u00e7o: IMPORTANTE A consulta e a contrata\u00e7\u00e3o s\u00e3o de responsabilidade dos pais e ou respons\u00e1veis financeiros.<\/p>","protected":false},"author":1,"featured_media":0,"parent":0,"menu_order":0,"comment_status":"closed","ping_status":"closed","template":"","meta":{"footnotes":""},"class_list":["post-6478","page","type-page","status-publish","hentry"],"_links":{"self":[{"href":"http:\/\/www.montale.com.br\/it\/wp-json\/wp\/v2\/pages\/6478","targetHints":{"allow":["GET"]}}],"collection":[{"href":"http:\/\/www.montale.com.br\/it\/wp-json\/wp\/v2\/pages"}],"about":[{"href":"http:\/\/www.montale.com.br\/it\/wp-json\/wp\/v2\/types\/page"}],"author":[{"embeddable":true,"href":"http:\/\/www.montale.com.br\/it\/wp-json\/wp\/v2\/users\/1"}],"replies":[{"embeddable":true,"href":"http:\/\/www.montale.com.br\/it\/wp-json\/wp\/v2\/comments?post=6478"}],"version-history":[{"count":25,"href":"http:\/\/www.montale.com.br\/it\/wp-json\/wp\/v2\/pages\/6478\/revisions"}],"predecessor-version":[{"id":8738,"href":"http:\/\/www.montale.com.br\/it\/wp-json\/wp\/v2\/pages\/6478\/revisions\/8738"}],"wp:attachment":[{"href":"http:\/\/www.montale.com.br\/it\/wp-json\/wp\/v2\/media?parent=6478"}],"curies":[{"name":"wp","href":"https:\/\/api.w.org\/{rel}","templated":true}]}}