{"id":6146,"date":"2023-09-28T00:32:33","date_gmt":"2023-09-28T03:32:33","guid":{"rendered":"https:\/\/www.montale.com.br\/?page_id=6146"},"modified":"2023-12-04T19:06:46","modified_gmt":"2023-12-04T22:06:46","slug":"ensino-medio","status":"publish","type":"page","link":"http:\/\/www.montale.com.br\/it\/ensino-medio\/","title":{"rendered":"SCUOLA SECONDARIA II GRADO- LICEO SCIENTIFICO"},"content":{"rendered":"<div data-elementor-type=\"wp-page\" data-elementor-id=\"6146\" class=\"elementor elementor-6146\" data-elementor-post-type=\"page\">\n\t\t\t\t\t\t\t        <section class=\"elementor-section elementor-top-section elementor-element elementor-element-7e89b58 elementor-section-boxed elementor-section-height-default elementor-section-height-default ct-header-fixed-none ct-row-max-none\" data-id=\"7e89b58\" data-element_type=\"section\">\n            \n                        <div class=\"elementor-container elementor-column-gap-default\">\n                    <div class=\"elementor-column elementor-col-100 elementor-top-column elementor-element elementor-element-64cf984\" data-id=\"64cf984\" data-element_type=\"column\">\n            <div class=\"elementor-widget-wrap elementor-element-populated\">\n                        \t\t<div class=\"elementor-element elementor-element-4b37f81 elementor-widget elementor-widget-spacer\" data-id=\"4b37f81\" data-element_type=\"widget\" data-widget_type=\"spacer.default\">\n\t\t\t\t<div class=\"elementor-widget-container\">\n\t\t\t<style>\/*! elementor - v3.18.0 - 04-12-2023 *\/\n.elementor-column .elementor-spacer-inner{height:var(--spacer-size)}.e-con{--container-widget-width:100%}.e-con-inner>.elementor-widget-spacer,.e-con>.elementor-widget-spacer{width:var(--container-widget-width,var(--spacer-size));--align-self:var(--container-widget-align-self,initial);--flex-shrink:0}.e-con-inner>.elementor-widget-spacer>.elementor-widget-container,.e-con>.elementor-widget-spacer>.elementor-widget-container{height:100%;width:100%}.e-con-inner>.elementor-widget-spacer>.elementor-widget-container>.elementor-spacer,.e-con>.elementor-widget-spacer>.elementor-widget-container>.elementor-spacer{height:100%}.e-con-inner>.elementor-widget-spacer>.elementor-widget-container>.elementor-spacer>.elementor-spacer-inner,.e-con>.elementor-widget-spacer>.elementor-widget-container>.elementor-spacer>.elementor-spacer-inner{height:var(--container-widget-height,var(--spacer-size))}.e-con-inner>.elementor-widget-spacer.elementor-widget-empty,.e-con>.elementor-widget-spacer.elementor-widget-empty{position:relative;min-height:22px;min-width:22px}.e-con-inner>.elementor-widget-spacer.elementor-widget-empty .elementor-widget-empty-icon,.e-con>.elementor-widget-spacer.elementor-widget-empty .elementor-widget-empty-icon{position:absolute;top:0;bottom:0;left:0;right:0;margin:auto;padding:0;width:22px;height:22px}<\/style>\t\t<div class=\"elementor-spacer\">\n\t\t\t<div class=\"elementor-spacer-inner\"><\/div>\n\t\t<\/div>\n\t\t\t\t<\/div>\n\t\t\t\t<\/div>\n\t\t            <\/div>\n        <\/div>\n                            <\/div>\n        <\/section>\n                <section class=\"elementor-section elementor-top-section elementor-element elementor-element-66442c9 elementor-section-full_width elementor-section-stretched elementor-section-height-default elementor-section-height-default ct-header-fixed-none ct-row-max-none\" data-id=\"66442c9\" data-element_type=\"section\" data-settings=\"{&quot;stretch_section&quot;:&quot;section-stretched&quot;}\">\n            \n                        <div class=\"elementor-container elementor-column-gap-no\">\n                    <div class=\"elementor-column elementor-col-100 elementor-top-column elementor-element elementor-element-6b172fc\" data-id=\"6b172fc\" data-element_type=\"column\">\n            <div class=\"elementor-widget-wrap elementor-element-populated\">\n                        \t\t<div class=\"elementor-element elementor-element-1b6feaa elementor-widget elementor-widget-image\" data-id=\"1b6feaa\" data-element_type=\"widget\" data-widget_type=\"image.default\">\n\t\t\t\t<div class=\"elementor-widget-container\">\n\t\t\t<style>\/*! elementor - v3.18.0 - 04-12-2023 *\/\n.elementor-widget-image{text-align:center}.elementor-widget-image a{display:inline-block}.elementor-widget-image a img[src$=\".svg\"]{width:48px}.elementor-widget-image img{vertical-align:middle;display:inline-block}<\/style>\t\t\t\t\t\t\t\t\t\t\t\t<img fetchpriority=\"high\" decoding=\"async\" width=\"1920\" height=\"500\" src=\"https:\/\/www.montale.com.br\/wp-content\/uploads\/2023\/12\/capa-liceo-site-v2.png\" class=\"attachment-full size-full wp-image-7771\" alt=\"\" srcset=\"https:\/\/www.montale.com.br\/wp-content\/uploads\/2023\/12\/capa-liceo-site-v2.png 1920w, https:\/\/www.montale.com.br\/wp-content\/uploads\/2023\/12\/capa-liceo-site-v2-300x78.png 300w, https:\/\/www.montale.com.br\/wp-content\/uploads\/2023\/12\/capa-liceo-site-v2-1024x267.png 1024w, https:\/\/www.montale.com.br\/wp-content\/uploads\/2023\/12\/capa-liceo-site-v2-768x200.png 768w, https:\/\/www.montale.com.br\/wp-content\/uploads\/2023\/12\/capa-liceo-site-v2-1536x400.png 1536w, https:\/\/www.montale.com.br\/wp-content\/uploads\/2023\/12\/capa-liceo-site-v2-18x5.png 18w, https:\/\/www.montale.com.br\/wp-content\/uploads\/2023\/12\/capa-liceo-site-v2-600x156.png 600w\" sizes=\"(max-width: 1920px) 100vw, 1920px\" \/>\t\t\t\t\t\t\t\t\t\t\t\t\t\t\t<\/div>\n\t\t\t\t<\/div>\n\t\t            <\/div>\n        <\/div>\n                            <\/div>\n        <\/section>\n                <section class=\"elementor-section elementor-top-section elementor-element elementor-element-045244a elementor-section-boxed elementor-section-height-default elementor-section-height-default ct-header-fixed-none ct-row-max-none\" data-id=\"045244a\" data-element_type=\"section\">\n            \n                        <div class=\"elementor-container elementor-column-gap-default\">\n                    <div class=\"elementor-column elementor-col-100 elementor-top-column elementor-element elementor-element-a6df43a\" data-id=\"a6df43a\" data-element_type=\"column\">\n            <div class=\"elementor-widget-wrap elementor-element-populated\">\n                        \t\t<div class=\"elementor-element elementor-element-27ef8b0 elementor-widget elementor-widget-spacer\" data-id=\"27ef8b0\" data-element_type=\"widget\" data-widget_type=\"spacer.default\">\n\t\t\t\t<div class=\"elementor-widget-container\">\n\t\t\t\t\t<div class=\"elementor-spacer\">\n\t\t\t<div class=\"elementor-spacer-inner\"><\/div>\n\t\t<\/div>\n\t\t\t\t<\/div>\n\t\t\t\t<\/div>\n\t\t            <\/div>\n        <\/div>\n                            <\/div>\n        <\/section>\n                <section class=\"elementor-section elementor-top-section elementor-element elementor-element-f1de463 elementor-section-boxed elementor-section-height-default elementor-section-height-default ct-header-fixed-none ct-row-max-none\" data-id=\"f1de463\" data-element_type=\"section\">\n            \n                        <div class=\"elementor-container elementor-column-gap-extended\">\n                    <div class=\"elementor-column elementor-col-100 elementor-top-column elementor-element elementor-element-1c1e2e8\" data-id=\"1c1e2e8\" data-element_type=\"column\">\n            <div class=\"elementor-widget-wrap elementor-element-populated\">\n                        \t\t<div class=\"elementor-element elementor-element-f563ee3 elementor-widget elementor-widget-ct_heading\" data-id=\"f563ee3\" data-element_type=\"widget\" data-widget_type=\"ct_heading.default\">\n\t\t\t\t<div class=\"elementor-widget-container\">\n\t\t\t<div id=\"ct_heading-f563ee3\" class=\"ct-heading h-align-center sub-style1 ct-heading-left item-st-default\">\n\t<div class=\"ct-item--inner\">\n        <div class=\"ct-inline-css\"  data-css=\"            \">\n        <\/div>\n                <h3 class=\"item--title st-default wow wow fadeInUp\" data-wow-delay=\"ms\">\n                        <span class=\"sp-main\">\n                \n                SCUOLA SECONDARIA II GRADO- LICEO SCIENTIFICO\n                \n                            <\/span>\n                    <\/h3>\n    <\/div>\n<\/div>\t\t<\/div>\n\t\t\t\t<\/div>\n\t\t\t\t<div class=\"elementor-element elementor-element-8e342bc wow fadeInUp elementor-widget elementor-widget-text-editor\" data-id=\"8e342bc\" data-element_type=\"widget\" data-widget_type=\"text-editor.default\">\n\t\t\t\t<div class=\"elementor-widget-container\">\n\t\t\t<style>\/*! elementor - v3.18.0 - 04-12-2023 *\/\n.elementor-widget-text-editor.elementor-drop-cap-view-stacked .elementor-drop-cap{background-color:#69727d;color:#fff}.elementor-widget-text-editor.elementor-drop-cap-view-framed .elementor-drop-cap{color:#69727d;border:3px solid;background-color:transparent}.elementor-widget-text-editor:not(.elementor-drop-cap-view-default) .elementor-drop-cap{margin-top:8px}.elementor-widget-text-editor:not(.elementor-drop-cap-view-default) .elementor-drop-cap-letter{width:1em;height:1em}.elementor-widget-text-editor .elementor-drop-cap{float:left;text-align:center;line-height:1;font-size:50px}.elementor-widget-text-editor .elementor-drop-cap-letter{display:inline-block}<\/style>\t\t\t\t<p>In quest\u2019ordine di studio si consolida l\u2019educazione integrale proposta dalla scuola,\nimportante non solo per l\u2019approfondimento dei linguaggi e delle conoscenze delle\nvarie discipline, ma anche per le capacit\u00e0 cognitive transdisciplinari e socioemotive. Lo sviluppo di tali competenze consente all\u2019alunno di prendere atto della\npluralit\u00e0 dei punti di vista nell\u2019affrontare i vari argomenti e situazioni. Si tratta di un\napproccio che porta a una formazione solida, ampia e completa.<\/p><p>Per questo, nel\nLiceo, le conoscenze concernenti le varie discipline sono elementi fondanti del\nprocesso formativo, acquisiti attraverso una molteplicit\u00e0 di contesti nei quali\nl\u2019alunno \u00e8 invitato a riflettere, criticare e prendere posizione.<\/p><p>Al termine dei quattro anni, gli alunni, dopo aver superato l\u2019Esame di Stato\nconclusivo del II ciclo d\u2019istruzione, riceveranno il diploma brasiliano di \u201cEnsino\nM\u00e9dio\u201d (che permette di accedere alle universit\u00e0 brasiliane previo superamento\ndell\u2019esame di ammissione, il cosiddetto Vestibular) e il diploma italiano (che d\u00e0 la\npossibilit\u00e0 di accedere alle universit\u00e0 italiane ed europee).<\/p>\t\t\t\t\t\t<\/div>\n\t\t\t\t<\/div>\n\t\t            <\/div>\n        <\/div>\n                            <\/div>\n        <\/section>\n                <section class=\"elementor-section elementor-top-section elementor-element elementor-element-c3440ca elementor-section-boxed elementor-section-height-default elementor-section-height-default ct-header-fixed-none ct-row-max-none\" data-id=\"c3440ca\" data-element_type=\"section\">\n            \n                        <div class=\"elementor-container elementor-column-gap-default\">\n                    <div class=\"elementor-column elementor-col-100 elementor-top-column elementor-element elementor-element-51d8998\" data-id=\"51d8998\" data-element_type=\"column\">\n            <div class=\"elementor-widget-wrap elementor-element-populated\">\n                        \t\t<div class=\"elementor-element elementor-element-cbc974b elementor-widget elementor-widget-spacer\" data-id=\"cbc974b\" data-element_type=\"widget\" data-widget_type=\"spacer.default\">\n\t\t\t\t<div class=\"elementor-widget-container\">\n\t\t\t\t\t<div class=\"elementor-spacer\">\n\t\t\t<div class=\"elementor-spacer-inner\"><\/div>\n\t\t<\/div>\n\t\t\t\t<\/div>\n\t\t\t\t<\/div>\n\t\t            <\/div>\n        <\/div>\n                            <\/div>\n        <\/section>\n                <section class=\"elementor-section elementor-top-section elementor-element elementor-element-3ce3a5e elementor-section-boxed elementor-section-height-default elementor-section-height-default ct-header-fixed-none ct-row-max-none\" data-id=\"3ce3a5e\" data-element_type=\"section\">\n            \n                        <div class=\"elementor-container elementor-column-gap-default\">\n                    <div class=\"elementor-column elementor-col-100 elementor-top-column elementor-element elementor-element-7322ccd\" data-id=\"7322ccd\" data-element_type=\"column\">\n            <div class=\"elementor-widget-wrap elementor-element-populated\">\n                        \t\t<div class=\"elementor-element elementor-element-70b307d elementor-widget elementor-widget-ct_heading\" data-id=\"70b307d\" data-element_type=\"widget\" data-widget_type=\"ct_heading.default\">\n\t\t\t\t<div class=\"elementor-widget-container\">\n\t\t\t<div id=\"ct_heading-70b307d\" class=\"ct-heading h-align-center sub-style1 ct-heading-left item-st-default\">\n\t<div class=\"ct-item--inner\">\n        <div class=\"ct-inline-css\"  data-css=\"            \">\n        <\/div>\n                <h3 class=\"item--title st-default wow wow fadeInUp\" data-wow-delay=\"ms\">\n                        <span class=\"sp-main\">\n                \n                Peculiarit\u00e0\n                \n                            <\/span>\n                    <\/h3>\n    <\/div>\n<\/div>\t\t<\/div>\n\t\t\t\t<\/div>\n\t\t        <section class=\"elementor-section elementor-inner-section elementor-element elementor-element-bd6b551 elementor-section-boxed elementor-section-height-default elementor-section-height-default ct-header-fixed-none ct-row-max-none\" data-id=\"bd6b551\" data-element_type=\"section\">\n            \n                        <div class=\"elementor-container elementor-column-gap-default\">\n                    <div class=\"elementor-column elementor-col-50 elementor-inner-column elementor-element elementor-element-d323857\" data-id=\"d323857\" data-element_type=\"column\">\n            <div class=\"elementor-widget-wrap elementor-element-populated\">\n                        \t\t<div class=\"elementor-element elementor-element-81a9655 elementor-widget elementor-widget-spacer\" data-id=\"81a9655\" data-element_type=\"widget\" data-widget_type=\"spacer.default\">\n\t\t\t\t<div class=\"elementor-widget-container\">\n\t\t\t\t\t<div class=\"elementor-spacer\">\n\t\t\t<div class=\"elementor-spacer-inner\"><\/div>\n\t\t<\/div>\n\t\t\t\t<\/div>\n\t\t\t\t<\/div>\n\t\t\t\t<div class=\"elementor-element elementor-element-364dc08 wow fadeInUp elementor-widget elementor-widget-text-editor\" data-id=\"364dc08\" data-element_type=\"widget\" data-widget_type=\"text-editor.default\">\n\t\t\t\t<div class=\"elementor-widget-container\">\n\t\t\t\t\t\t\t<p>\u00c8 proprio al Liceo che si realizza periodicamente il viaggio d\u2019istruzione in Italia. Sono\nprevisti due viaggi durante tutto il percorso liceale. Riteniamo siano momenti\nformativi di estrema importanza, sia dal punto di vista della convivenza tra gli\nalunni sia nell\u2019ambito didattico e culturale, considerando l\u2019enorme ricchezza del\npatrimonio storico e artistico delle regioni visitate.<\/p>\t\t\t\t\t\t<\/div>\n\t\t\t\t<\/div>\n\t\t            <\/div>\n        <\/div>\n                <div class=\"elementor-column elementor-col-50 elementor-inner-column elementor-element elementor-element-b16a3f0\" data-id=\"b16a3f0\" data-element_type=\"column\">\n            <div class=\"elementor-widget-wrap elementor-element-populated\">\n                        \t\t<div class=\"elementor-element elementor-element-0eb9590 elementor-arrows-position-inside elementor-widget elementor-widget-image-carousel\" data-id=\"0eb9590\" data-element_type=\"widget\" data-settings=\"{&quot;slides_to_show&quot;:&quot;1&quot;,&quot;navigation&quot;:&quot;arrows&quot;,&quot;autoplay&quot;:&quot;yes&quot;,&quot;pause_on_hover&quot;:&quot;yes&quot;,&quot;pause_on_interaction&quot;:&quot;yes&quot;,&quot;autoplay_speed&quot;:5000,&quot;infinite&quot;:&quot;yes&quot;,&quot;effect&quot;:&quot;slide&quot;,&quot;speed&quot;:500}\" data-widget_type=\"image-carousel.default\">\n\t\t\t\t<div class=\"elementor-widget-container\">\n\t\t\t<style>\/*! elementor - v3.18.0 - 04-12-2023 *\/\n.elementor-widget-image-carousel .swiper,.elementor-widget-image-carousel .swiper-container{position:static}.elementor-widget-image-carousel .swiper-container .swiper-slide figure,.elementor-widget-image-carousel .swiper .swiper-slide figure{line-height:inherit}.elementor-widget-image-carousel .swiper-slide{text-align:center}.elementor-image-carousel-wrapper:not(.swiper-container-initialized):not(.swiper-initialized) .swiper-slide{max-width:calc(100% \/ var(--e-image-carousel-slides-to-show, 3))}<\/style>\t\t<div class=\"elementor-image-carousel-wrapper swiper\" dir=\"ltr\">\n\t\t\t<div class=\"elementor-image-carousel swiper-wrapper\" aria-live=\"off\">\n\t\t\t\t\t\t\t\t<div class=\"swiper-slide\" role=\"group\" aria-roledescription=\"slide\" aria-label=\"1 di 5\"><a data-elementor-open-lightbox=\"yes\" data-elementor-lightbox-slideshow=\"0eb9590\" data-elementor-lightbox-title=\"IMG_5663\" data-e-action-hash=\"#elementor-action%3Aaction%3Dlightbox%26settings%3DeyJpZCI6NzIwMiwidXJsIjoiaHR0cHM6XC9cL3d3dy5tb250YWxlLmNvbS5iclwvd3AtY29udGVudFwvdXBsb2Fkc1wvMjAyM1wvMTBcL0lNR181NjYzLXNjYWxlZC5qcGciLCJzbGlkZXNob3ciOiIwZWI5NTkwIn0%3D\" href=\"https:\/\/www.montale.com.br\/wp-content\/uploads\/2023\/10\/IMG_5663-scaled.jpg\"><figure class=\"swiper-slide-inner\"><img decoding=\"async\" class=\"swiper-slide-image\" src=\"https:\/\/www.montale.com.br\/wp-content\/uploads\/elementor\/thumbs\/IMG_5663-scaled-qgjl7qn5apiyx86tpe6m8mf7a3ksm2kkntykww5wgw.jpg\" alt=\"IMG_5663\" \/><\/figure><\/a><\/div><div class=\"swiper-slide\" role=\"group\" aria-roledescription=\"slide\" aria-label=\"2 di 5\"><a data-elementor-open-lightbox=\"yes\" data-elementor-lightbox-slideshow=\"0eb9590\" data-elementor-lightbox-title=\"WhatsApp Image 2023-04-13 at 08.58.18 (2)\" data-e-action-hash=\"#elementor-action%3Aaction%3Dlightbox%26settings%3DeyJpZCI6NzIwNSwidXJsIjoiaHR0cHM6XC9cL3d3dy5tb250YWxlLmNvbS5iclwvd3AtY29udGVudFwvdXBsb2Fkc1wvMjAyM1wvMTBcL1doYXRzQXBwLUltYWdlLTIwMjMtMDQtMTMtYXQtMDguNTguMTgtMi5qcGVnIiwic2xpZGVzaG93IjoiMGViOTU5MCJ9\" href=\"https:\/\/www.montale.com.br\/wp-content\/uploads\/2023\/10\/WhatsApp-Image-2023-04-13-at-08.58.18-2.jpeg\"><figure class=\"swiper-slide-inner\"><img decoding=\"async\" class=\"swiper-slide-image\" src=\"https:\/\/www.montale.com.br\/wp-content\/uploads\/elementor\/thumbs\/WhatsApp-Image-2023-04-13-at-08.58.18-2-qgjlef9twaodhehaoa73yxp7cqmrcl3uwwyvrq9480.jpeg\" alt=\"WhatsApp Image 2023-04-13 at 08.58.18 (2)\" \/><\/figure><\/a><\/div><div class=\"swiper-slide\" role=\"group\" aria-roledescription=\"slide\" aria-label=\"3 di 5\"><a data-elementor-open-lightbox=\"yes\" data-elementor-lightbox-slideshow=\"0eb9590\" data-elementor-lightbox-title=\"WhatsApp Image 2023-04-13 at 08.58.21\" data-e-action-hash=\"#elementor-action%3Aaction%3Dlightbox%26settings%3DeyJpZCI6NzIwNiwidXJsIjoiaHR0cHM6XC9cL3d3dy5tb250YWxlLmNvbS5iclwvd3AtY29udGVudFwvdXBsb2Fkc1wvMjAyM1wvMTBcL1doYXRzQXBwLUltYWdlLTIwMjMtMDQtMTMtYXQtMDguNTguMjEuanBlZyIsInNsaWRlc2hvdyI6IjBlYjk1OTAifQ%3D%3D\" href=\"https:\/\/www.montale.com.br\/wp-content\/uploads\/2023\/10\/WhatsApp-Image-2023-04-13-at-08.58.21.jpeg\"><figure class=\"swiper-slide-inner\"><img decoding=\"async\" class=\"swiper-slide-image\" src=\"https:\/\/www.montale.com.br\/wp-content\/uploads\/elementor\/thumbs\/WhatsApp-Image-2023-04-13-at-08.58.21-qgjleg7o34pnt0fxislqjfgny4i4ka7l91md907q1s.jpeg\" alt=\"WhatsApp Image 2023-04-13 at 08.58.21\" \/><\/figure><\/a><\/div><div class=\"swiper-slide\" role=\"group\" aria-roledescription=\"slide\" aria-label=\"4 di 5\"><a data-elementor-open-lightbox=\"yes\" data-elementor-lightbox-slideshow=\"0eb9590\" data-elementor-lightbox-title=\"WhatsApp Image 2023-06-26 at 20.39.29\" data-e-action-hash=\"#elementor-action%3Aaction%3Dlightbox%26settings%3DeyJpZCI6NzIwNywidXJsIjoiaHR0cHM6XC9cL3d3dy5tb250YWxlLmNvbS5iclwvd3AtY29udGVudFwvdXBsb2Fkc1wvMjAyM1wvMTBcL1doYXRzQXBwLUltYWdlLTIwMjMtMDYtMjYtYXQtMjAuMzkuMjkuanBlZyIsInNsaWRlc2hvdyI6IjBlYjk1OTAifQ%3D%3D\" href=\"https:\/\/www.montale.com.br\/wp-content\/uploads\/2023\/10\/WhatsApp-Image-2023-06-26-at-20.39.29.jpeg\"><figure class=\"swiper-slide-inner\"><img decoding=\"async\" class=\"swiper-slide-image\" src=\"https:\/\/www.montale.com.br\/wp-content\/uploads\/elementor\/thumbs\/WhatsApp-Image-2023-06-26-at-20.39.29-qgjleoo7sn18pi3n5e9dnvbtalcfhk56a7hqkhv6hs.jpeg\" alt=\"WhatsApp Image 2023-06-26 at 20.39.29\" \/><\/figure><\/a><\/div><div class=\"swiper-slide\" role=\"group\" aria-roledescription=\"slide\" aria-label=\"5 di 5\"><a data-elementor-open-lightbox=\"yes\" data-elementor-lightbox-slideshow=\"0eb9590\" data-elementor-lightbox-title=\"WhatsApp Image 2023-09-21 at 11.11.22\" data-e-action-hash=\"#elementor-action%3Aaction%3Dlightbox%26settings%3DeyJpZCI6NzIwOSwidXJsIjoiaHR0cHM6XC9cL3d3dy5tb250YWxlLmNvbS5iclwvd3AtY29udGVudFwvdXBsb2Fkc1wvMjAyM1wvMTBcL1doYXRzQXBwLUltYWdlLTIwMjMtMDktMjEtYXQtMTEuMTEuMjIuanBlZyIsInNsaWRlc2hvdyI6IjBlYjk1OTAifQ%3D%3D\" href=\"https:\/\/www.montale.com.br\/wp-content\/uploads\/2023\/10\/WhatsApp-Image-2023-09-21-at-11.11.22.jpeg\"><figure class=\"swiper-slide-inner\"><img decoding=\"async\" class=\"swiper-slide-image\" src=\"https:\/\/www.montale.com.br\/wp-content\/uploads\/elementor\/thumbs\/WhatsApp-Image-2023-09-21-at-11.11.22-qgjlev934ha8yru32z3rnbo1gafzzfvan424xflfa8.jpeg\" alt=\"WhatsApp Image 2023-09-21 at 11.11.22\" \/><\/figure><\/a><\/div>\t\t\t<\/div>\n\t\t\t\t\t\t\t\t\t\t\t\t<div class=\"elementor-swiper-button elementor-swiper-button-prev\" role=\"button\" tabindex=\"0\">\n\t\t\t\t\t\t<i aria-hidden=\"true\" class=\"eicon-chevron-left\"><\/i>\t\t\t\t\t<\/div>\n\t\t\t\t\t<div class=\"elementor-swiper-button elementor-swiper-button-next\" role=\"button\" tabindex=\"0\">\n\t\t\t\t\t\t<i aria-hidden=\"true\" class=\"eicon-chevron-right\"><\/i>\t\t\t\t\t<\/div>\n\t\t\t\t\n\t\t\t\t\t\t\t\t\t<\/div>\n\t\t\t\t<\/div>\n\t\t\t\t<\/div>\n\t\t            <\/div>\n        <\/div>\n                            <\/div>\n        <\/section>\n                    <\/div>\n        <\/div>\n                            <\/div>\n        <\/section>\n                <section class=\"elementor-section elementor-top-section elementor-element elementor-element-97a9b7b elementor-section-boxed elementor-section-height-default elementor-section-height-default ct-header-fixed-none ct-row-max-none\" data-id=\"97a9b7b\" data-element_type=\"section\">\n            \n                        <div class=\"elementor-container elementor-column-gap-default\">\n                    <div class=\"elementor-column elementor-col-100 elementor-top-column elementor-element elementor-element-029d7f2\" data-id=\"029d7f2\" data-element_type=\"column\">\n            <div class=\"elementor-widget-wrap elementor-element-populated\">\n                        \t\t<div class=\"elementor-element elementor-element-162a453 elementor-widget elementor-widget-spacer\" data-id=\"162a453\" data-element_type=\"widget\" data-widget_type=\"spacer.default\">\n\t\t\t\t<div class=\"elementor-widget-container\">\n\t\t\t\t\t<div class=\"elementor-spacer\">\n\t\t\t<div class=\"elementor-spacer-inner\"><\/div>\n\t\t<\/div>\n\t\t\t\t<\/div>\n\t\t\t\t<\/div>\n\t\t            <\/div>\n        <\/div>\n                            <\/div>\n        <\/section>\n        \t\t\t\t\t<\/div>","protected":false},"excerpt":{"rendered":"<p>ENSINO M\u00c9DIO Neste segmento se consolida a forma\u00e7\u00e3o integral proposta pela escola, relevante n\u00e3o somente para o aprofundamento das linguagens e do conhecimento nas v\u00e1rias disciplinas, mas tamb\u00e9m para a consolida\u00e7\u00e3o das capacidades cognitivas transdisciplinares e socioemocionais. O desenvolvimento de tais compet\u00eancias permite ao aluno a considera\u00e7\u00e3o de diferentes pontos de vista ao se deparar [&hellip;]<\/p>","protected":false},"author":1,"featured_media":0,"parent":0,"menu_order":0,"comment_status":"closed","ping_status":"closed","template":"","meta":{"footnotes":""},"class_list":["post-6146","page","type-page","status-publish","hentry"],"_links":{"self":[{"href":"http:\/\/www.montale.com.br\/it\/wp-json\/wp\/v2\/pages\/6146","targetHints":{"allow":["GET"]}}],"collection":[{"href":"http:\/\/www.montale.com.br\/it\/wp-json\/wp\/v2\/pages"}],"about":[{"href":"http:\/\/www.montale.com.br\/it\/wp-json\/wp\/v2\/types\/page"}],"author":[{"embeddable":true,"href":"http:\/\/www.montale.com.br\/it\/wp-json\/wp\/v2\/users\/1"}],"replies":[{"embeddable":true,"href":"http:\/\/www.montale.com.br\/it\/wp-json\/wp\/v2\/comments?post=6146"}],"version-history":[{"count":13,"href":"http:\/\/www.montale.com.br\/it\/wp-json\/wp\/v2\/pages\/6146\/revisions"}],"predecessor-version":[{"id":7775,"href":"http:\/\/www.montale.com.br\/it\/wp-json\/wp\/v2\/pages\/6146\/revisions\/7775"}],"wp:attachment":[{"href":"http:\/\/www.montale.com.br\/it\/wp-json\/wp\/v2\/media?parent=6146"}],"curies":[{"name":"wp","href":"https:\/\/api.w.org\/{rel}","templated":true}]}}