{"id":6130,"date":"2023-09-28T00:22:36","date_gmt":"2023-09-28T03:22:36","guid":{"rendered":"https:\/\/www.montale.com.br\/?page_id=6130"},"modified":"2023-12-04T19:07:26","modified_gmt":"2023-12-04T22:07:26","slug":"ensino-fundamental-anos-finais","status":"publish","type":"page","link":"http:\/\/www.montale.com.br\/it\/ensino-fundamental-anos-finais\/","title":{"rendered":"SCUOLA SECONDARIA I GRADO"},"content":{"rendered":"<div data-elementor-type=\"wp-page\" data-elementor-id=\"6130\" class=\"elementor elementor-6130\" data-elementor-post-type=\"page\">\n\t\t\t\t\t\t\t        <section class=\"elementor-section elementor-top-section elementor-element elementor-element-7e89b58 elementor-section-boxed elementor-section-height-default elementor-section-height-default ct-header-fixed-none ct-row-max-none\" data-id=\"7e89b58\" data-element_type=\"section\">\n            \n                        <div class=\"elementor-container elementor-column-gap-default\">\n                    <div class=\"elementor-column elementor-col-100 elementor-top-column elementor-element elementor-element-64cf984\" data-id=\"64cf984\" data-element_type=\"column\">\n            <div class=\"elementor-widget-wrap elementor-element-populated\">\n                        \t\t<div class=\"elementor-element elementor-element-4b37f81 elementor-widget elementor-widget-spacer\" data-id=\"4b37f81\" data-element_type=\"widget\" data-widget_type=\"spacer.default\">\n\t\t\t\t<div class=\"elementor-widget-container\">\n\t\t\t<style>\/*! elementor - v3.18.0 - 04-12-2023 *\/\n.elementor-column .elementor-spacer-inner{height:var(--spacer-size)}.e-con{--container-widget-width:100%}.e-con-inner>.elementor-widget-spacer,.e-con>.elementor-widget-spacer{width:var(--container-widget-width,var(--spacer-size));--align-self:var(--container-widget-align-self,initial);--flex-shrink:0}.e-con-inner>.elementor-widget-spacer>.elementor-widget-container,.e-con>.elementor-widget-spacer>.elementor-widget-container{height:100%;width:100%}.e-con-inner>.elementor-widget-spacer>.elementor-widget-container>.elementor-spacer,.e-con>.elementor-widget-spacer>.elementor-widget-container>.elementor-spacer{height:100%}.e-con-inner>.elementor-widget-spacer>.elementor-widget-container>.elementor-spacer>.elementor-spacer-inner,.e-con>.elementor-widget-spacer>.elementor-widget-container>.elementor-spacer>.elementor-spacer-inner{height:var(--container-widget-height,var(--spacer-size))}.e-con-inner>.elementor-widget-spacer.elementor-widget-empty,.e-con>.elementor-widget-spacer.elementor-widget-empty{position:relative;min-height:22px;min-width:22px}.e-con-inner>.elementor-widget-spacer.elementor-widget-empty .elementor-widget-empty-icon,.e-con>.elementor-widget-spacer.elementor-widget-empty .elementor-widget-empty-icon{position:absolute;top:0;bottom:0;left:0;right:0;margin:auto;padding:0;width:22px;height:22px}<\/style>\t\t<div class=\"elementor-spacer\">\n\t\t\t<div class=\"elementor-spacer-inner\"><\/div>\n\t\t<\/div>\n\t\t\t\t<\/div>\n\t\t\t\t<\/div>\n\t\t            <\/div>\n        <\/div>\n                            <\/div>\n        <\/section>\n                <section class=\"elementor-section elementor-top-section elementor-element elementor-element-66442c9 elementor-section-full_width elementor-section-stretched elementor-section-height-default elementor-section-height-default ct-header-fixed-none ct-row-max-none\" data-id=\"66442c9\" data-element_type=\"section\" data-settings=\"{&quot;stretch_section&quot;:&quot;section-stretched&quot;}\">\n            \n                        <div class=\"elementor-container elementor-column-gap-no\">\n                    <div class=\"elementor-column elementor-col-100 elementor-top-column elementor-element elementor-element-6b172fc\" data-id=\"6b172fc\" data-element_type=\"column\">\n            <div class=\"elementor-widget-wrap elementor-element-populated\">\n                        \t\t<div class=\"elementor-element elementor-element-1b6feaa elementor-widget elementor-widget-image\" data-id=\"1b6feaa\" data-element_type=\"widget\" data-widget_type=\"image.default\">\n\t\t\t\t<div class=\"elementor-widget-container\">\n\t\t\t<style>\/*! elementor - v3.18.0 - 04-12-2023 *\/\n.elementor-widget-image{text-align:center}.elementor-widget-image a{display:inline-block}.elementor-widget-image a img[src$=\".svg\"]{width:48px}.elementor-widget-image img{vertical-align:middle;display:inline-block}<\/style>\t\t\t\t\t\t\t\t\t\t\t\t<img fetchpriority=\"high\" decoding=\"async\" width=\"1920\" height=\"500\" src=\"https:\/\/www.montale.com.br\/wp-content\/uploads\/2023\/12\/capa-ensino-fundametal-anos-finais-v2-1.png\" class=\"attachment-full size-full wp-image-7776\" alt=\"\" srcset=\"https:\/\/www.montale.com.br\/wp-content\/uploads\/2023\/12\/capa-ensino-fundametal-anos-finais-v2-1.png 1920w, https:\/\/www.montale.com.br\/wp-content\/uploads\/2023\/12\/capa-ensino-fundametal-anos-finais-v2-1-300x78.png 300w, https:\/\/www.montale.com.br\/wp-content\/uploads\/2023\/12\/capa-ensino-fundametal-anos-finais-v2-1-1024x267.png 1024w, https:\/\/www.montale.com.br\/wp-content\/uploads\/2023\/12\/capa-ensino-fundametal-anos-finais-v2-1-768x200.png 768w, https:\/\/www.montale.com.br\/wp-content\/uploads\/2023\/12\/capa-ensino-fundametal-anos-finais-v2-1-1536x400.png 1536w, https:\/\/www.montale.com.br\/wp-content\/uploads\/2023\/12\/capa-ensino-fundametal-anos-finais-v2-1-18x5.png 18w, https:\/\/www.montale.com.br\/wp-content\/uploads\/2023\/12\/capa-ensino-fundametal-anos-finais-v2-1-600x156.png 600w\" sizes=\"(max-width: 1920px) 100vw, 1920px\" \/>\t\t\t\t\t\t\t\t\t\t\t\t\t\t\t<\/div>\n\t\t\t\t<\/div>\n\t\t            <\/div>\n        <\/div>\n                            <\/div>\n        <\/section>\n                <section class=\"elementor-section elementor-top-section elementor-element elementor-element-ed12ec2 elementor-section-boxed elementor-section-height-default elementor-section-height-default ct-header-fixed-none ct-row-max-none\" data-id=\"ed12ec2\" data-element_type=\"section\">\n            \n                        <div class=\"elementor-container elementor-column-gap-default\">\n                    <div class=\"elementor-column elementor-col-100 elementor-top-column elementor-element elementor-element-51847fe\" data-id=\"51847fe\" data-element_type=\"column\">\n            <div class=\"elementor-widget-wrap elementor-element-populated\">\n                        \t\t<div class=\"elementor-element elementor-element-d31266d elementor-widget elementor-widget-spacer\" data-id=\"d31266d\" data-element_type=\"widget\" data-widget_type=\"spacer.default\">\n\t\t\t\t<div class=\"elementor-widget-container\">\n\t\t\t\t\t<div class=\"elementor-spacer\">\n\t\t\t<div class=\"elementor-spacer-inner\"><\/div>\n\t\t<\/div>\n\t\t\t\t<\/div>\n\t\t\t\t<\/div>\n\t\t            <\/div>\n        <\/div>\n                            <\/div>\n        <\/section>\n                <section class=\"elementor-section elementor-top-section elementor-element elementor-element-f1de463 elementor-section-boxed elementor-section-height-default elementor-section-height-default ct-header-fixed-none ct-row-max-none\" data-id=\"f1de463\" data-element_type=\"section\">\n            \n                        <div class=\"elementor-container elementor-column-gap-extended\">\n                    <div class=\"elementor-column elementor-col-100 elementor-top-column elementor-element elementor-element-1c1e2e8\" data-id=\"1c1e2e8\" data-element_type=\"column\">\n            <div class=\"elementor-widget-wrap elementor-element-populated\">\n                        \t\t<div class=\"elementor-element elementor-element-f563ee3 elementor-widget elementor-widget-ct_heading\" data-id=\"f563ee3\" data-element_type=\"widget\" data-widget_type=\"ct_heading.default\">\n\t\t\t\t<div class=\"elementor-widget-container\">\n\t\t\t<div id=\"ct_heading-f563ee3\" class=\"ct-heading h-align-center sub-style1 ct-heading-left item-st-default\">\n\t<div class=\"ct-item--inner\">\n        <div class=\"ct-inline-css\"  data-css=\"            \">\n        <\/div>\n                <h3 class=\"item--title st-default wow wow fadeInUp\" data-wow-delay=\"ms\">\n                        <span class=\"sp-main\">\n                \n                SCUOLA SECONDARIA<br>I GRADO\n                \n                            <\/span>\n                    <\/h3>\n    <\/div>\n<\/div>\t\t<\/div>\n\t\t\t\t<\/div>\n\t\t\t\t<div class=\"elementor-element elementor-element-8e342bc wow fadeInUp elementor-widget elementor-widget-text-editor\" data-id=\"8e342bc\" data-element_type=\"widget\" data-widget_type=\"text-editor.default\">\n\t\t\t\t<div class=\"elementor-widget-container\">\n\t\t\t<style>\/*! elementor - v3.18.0 - 04-12-2023 *\/\n.elementor-widget-text-editor.elementor-drop-cap-view-stacked .elementor-drop-cap{background-color:#69727d;color:#fff}.elementor-widget-text-editor.elementor-drop-cap-view-framed .elementor-drop-cap{color:#69727d;border:3px solid;background-color:transparent}.elementor-widget-text-editor:not(.elementor-drop-cap-view-default) .elementor-drop-cap{margin-top:8px}.elementor-widget-text-editor:not(.elementor-drop-cap-view-default) .elementor-drop-cap-letter{width:1em;height:1em}.elementor-widget-text-editor .elementor-drop-cap{float:left;text-align:center;line-height:1;font-size:50px}.elementor-widget-text-editor .elementor-drop-cap-letter{display:inline-block}<\/style>\t\t\t\t<p>Il curriculum e lo sviluppo dei vari linguaggi sono dotati di nuovi significati,\nconsiderando l\u2019approfondimento e la specificit\u00e0 delle aree della conoscenza. In\nquest\u2019ordine di studio ci si aspetta pi\u00f9 autonomia e una maggior rielaborazione\ndella conoscenze.\nCome previsto dalla normativa italiana, alla fine della classe 3\u00ba, i ragazzi, per poter\naccedere alla classe successiva, sostengono l\u2019Esame di Stato conclusivo del I ciclo\nd\u2019istruzione.<\/p><p>L'Esame di Stato si svolge sotto forma di esami scritti e orali e richiede\nla presentazione di un elaborato finale\/mappa concettuale, basato su un\nargomento di interesse studiato dallo studente.<\/p>\t\t\t\t\t\t<\/div>\n\t\t\t\t<\/div>\n\t\t            <\/div>\n        <\/div>\n                            <\/div>\n        <\/section>\n                <section class=\"elementor-section elementor-top-section elementor-element elementor-element-c3440ca elementor-section-boxed elementor-section-height-default elementor-section-height-default ct-header-fixed-none ct-row-max-none\" data-id=\"c3440ca\" data-element_type=\"section\">\n            \n                        <div class=\"elementor-container elementor-column-gap-default\">\n                    <div class=\"elementor-column elementor-col-100 elementor-top-column elementor-element elementor-element-51d8998\" data-id=\"51d8998\" data-element_type=\"column\">\n            <div class=\"elementor-widget-wrap elementor-element-populated\">\n                        \t\t<div class=\"elementor-element elementor-element-cbc974b elementor-widget elementor-widget-spacer\" data-id=\"cbc974b\" data-element_type=\"widget\" data-widget_type=\"spacer.default\">\n\t\t\t\t<div class=\"elementor-widget-container\">\n\t\t\t\t\t<div class=\"elementor-spacer\">\n\t\t\t<div class=\"elementor-spacer-inner\"><\/div>\n\t\t<\/div>\n\t\t\t\t<\/div>\n\t\t\t\t<\/div>\n\t\t            <\/div>\n        <\/div>\n                            <\/div>\n        <\/section>\n                <section class=\"elementor-section elementor-top-section elementor-element elementor-element-3ce3a5e elementor-section-boxed elementor-section-height-default elementor-section-height-default ct-header-fixed-none ct-row-max-none\" data-id=\"3ce3a5e\" data-element_type=\"section\">\n            \n                        <div class=\"elementor-container elementor-column-gap-default\">\n                    <div class=\"elementor-column elementor-col-100 elementor-top-column elementor-element elementor-element-7322ccd\" data-id=\"7322ccd\" data-element_type=\"column\">\n            <div class=\"elementor-widget-wrap elementor-element-populated\">\n                        \t\t<div class=\"elementor-element elementor-element-70b307d elementor-widget elementor-widget-ct_heading\" data-id=\"70b307d\" data-element_type=\"widget\" data-widget_type=\"ct_heading.default\">\n\t\t\t\t<div class=\"elementor-widget-container\">\n\t\t\t<div id=\"ct_heading-70b307d\" class=\"ct-heading h-align-center sub-style1 ct-heading-left item-st-default\">\n\t<div class=\"ct-item--inner\">\n        <div class=\"ct-inline-css\"  data-css=\"            \">\n        <\/div>\n                <h3 class=\"item--title st-default wow wow fadeInUp\" data-wow-delay=\"ms\">\n                        <span class=\"sp-main\">\n                \n                Peculiarit\u00e0\n                \n                            <\/span>\n                    <\/h3>\n    <\/div>\n<\/div>\t\t<\/div>\n\t\t\t\t<\/div>\n\t\t        <section class=\"elementor-section elementor-inner-section elementor-element elementor-element-bd6b551 elementor-section-boxed elementor-section-height-default elementor-section-height-default ct-header-fixed-none ct-row-max-none\" data-id=\"bd6b551\" data-element_type=\"section\">\n            \n                        <div class=\"elementor-container elementor-column-gap-default\">\n                    <div class=\"elementor-column elementor-col-50 elementor-inner-column elementor-element elementor-element-d323857\" data-id=\"d323857\" data-element_type=\"column\">\n            <div class=\"elementor-widget-wrap elementor-element-populated\">\n                        \t\t<div class=\"elementor-element elementor-element-6be155f elementor-arrows-position-inside elementor-widget elementor-widget-image-carousel\" data-id=\"6be155f\" data-element_type=\"widget\" data-settings=\"{&quot;slides_to_show&quot;:&quot;1&quot;,&quot;navigation&quot;:&quot;arrows&quot;,&quot;autoplay&quot;:&quot;yes&quot;,&quot;pause_on_hover&quot;:&quot;yes&quot;,&quot;pause_on_interaction&quot;:&quot;yes&quot;,&quot;autoplay_speed&quot;:5000,&quot;infinite&quot;:&quot;yes&quot;,&quot;effect&quot;:&quot;slide&quot;,&quot;speed&quot;:500}\" data-widget_type=\"image-carousel.default\">\n\t\t\t\t<div class=\"elementor-widget-container\">\n\t\t\t<style>\/*! elementor - v3.18.0 - 04-12-2023 *\/\n.elementor-widget-image-carousel .swiper,.elementor-widget-image-carousel .swiper-container{position:static}.elementor-widget-image-carousel .swiper-container .swiper-slide figure,.elementor-widget-image-carousel .swiper .swiper-slide figure{line-height:inherit}.elementor-widget-image-carousel .swiper-slide{text-align:center}.elementor-image-carousel-wrapper:not(.swiper-container-initialized):not(.swiper-initialized) .swiper-slide{max-width:calc(100% \/ var(--e-image-carousel-slides-to-show, 3))}<\/style>\t\t<div class=\"elementor-image-carousel-wrapper swiper\" dir=\"ltr\">\n\t\t\t<div class=\"elementor-image-carousel swiper-wrapper\" aria-live=\"off\">\n\t\t\t\t\t\t\t\t<div class=\"swiper-slide\" role=\"group\" aria-roledescription=\"slide\" aria-label=\"1 di 3\"><a data-elementor-open-lightbox=\"yes\" data-elementor-lightbox-slideshow=\"6be155f\" data-elementor-lightbox-title=\"IMG_1623\" data-e-action-hash=\"#elementor-action%3Aaction%3Dlightbox%26settings%3DeyJpZCI6NzE5MiwidXJsIjoiaHR0cHM6XC9cL3d3dy5tb250YWxlLmNvbS5iclwvd3AtY29udGVudFwvdXBsb2Fkc1wvMjAyM1wvMTBcL0lNR18xNjIzLmpwZWciLCJzbGlkZXNob3ciOiI2YmUxNTVmIn0%3D\" href=\"https:\/\/www.montale.com.br\/wp-content\/uploads\/2023\/10\/IMG_1623.jpeg\"><figure class=\"swiper-slide-inner\"><img decoding=\"async\" class=\"swiper-slide-image\" src=\"https:\/\/www.montale.com.br\/wp-content\/uploads\/elementor\/thumbs\/IMG_1623-qgjl7ppb3vholm86uvrzo4nqoppfedgubpb3fm7an4.jpeg\" alt=\"IMG_1623\" \/><\/figure><\/a><\/div><div class=\"swiper-slide\" role=\"group\" aria-roledescription=\"slide\" aria-label=\"2 di 3\"><a data-elementor-open-lightbox=\"yes\" data-elementor-lightbox-slideshow=\"6be155f\" data-elementor-lightbox-title=\"PHOTO-2023-06-07-09-52-22\" data-e-action-hash=\"#elementor-action%3Aaction%3Dlightbox%26settings%3DeyJpZCI6NzE5NCwidXJsIjoiaHR0cHM6XC9cL3d3dy5tb250YWxlLmNvbS5iclwvd3AtY29udGVudFwvdXBsb2Fkc1wvMjAyM1wvMTBcL1BIT1RPLTIwMjMtMDYtMDctMDktNTItMjIuanBnIiwic2xpZGVzaG93IjoiNmJlMTU1ZiJ9\" href=\"https:\/\/www.montale.com.br\/wp-content\/uploads\/2023\/10\/PHOTO-2023-06-07-09-52-22.jpg\"><figure class=\"swiper-slide-inner\"><img decoding=\"async\" class=\"swiper-slide-image\" src=\"https:\/\/www.montale.com.br\/wp-content\/uploads\/elementor\/thumbs\/PHOTO-2023-06-07-09-52-22-qgjlb4u5z668uj9bvv048rl4i6uieq1ogmrpav4q00.jpg\" alt=\"PHOTO-2023-06-07-09-52-22\" \/><\/figure><\/a><\/div><div class=\"swiper-slide\" role=\"group\" aria-roledescription=\"slide\" aria-label=\"3 di 3\"><a data-elementor-open-lightbox=\"yes\" data-elementor-lightbox-slideshow=\"6be155f\" data-elementor-lightbox-title=\"WhatsApp Image 2023-09-19 at 15.01.30 (2)\" data-e-action-hash=\"#elementor-action%3Aaction%3Dlightbox%26settings%3DeyJpZCI6NzE5NiwidXJsIjoiaHR0cHM6XC9cL3d3dy5tb250YWxlLmNvbS5iclwvd3AtY29udGVudFwvdXBsb2Fkc1wvMjAyM1wvMTBcL1doYXRzQXBwLUltYWdlLTIwMjMtMDktMTktYXQtMTUuMDEuMzAtMi5qcGVnIiwic2xpZGVzaG93IjoiNmJlMTU1ZiJ9\" href=\"https:\/\/www.montale.com.br\/wp-content\/uploads\/2023\/10\/WhatsApp-Image-2023-09-19-at-15.01.30-2.jpeg\"><figure class=\"swiper-slide-inner\"><img decoding=\"async\" class=\"swiper-slide-image\" src=\"https:\/\/www.montale.com.br\/wp-content\/uploads\/elementor\/thumbs\/WhatsApp-Image-2023-09-19-at-15.01.30-2-qgjleqjw6b3tcq0wuf2msuuqhd35wycmygspj1se5c.jpeg\" alt=\"WhatsApp Image 2023-09-19 at 15.01.30 (2)\" \/><\/figure><\/a><\/div>\t\t\t<\/div>\n\t\t\t\t\t\t\t\t\t\t\t\t<div class=\"elementor-swiper-button elementor-swiper-button-prev\" role=\"button\" tabindex=\"0\">\n\t\t\t\t\t\t<i aria-hidden=\"true\" class=\"eicon-chevron-left\"><\/i>\t\t\t\t\t<\/div>\n\t\t\t\t\t<div class=\"elementor-swiper-button elementor-swiper-button-next\" role=\"button\" tabindex=\"0\">\n\t\t\t\t\t\t<i aria-hidden=\"true\" class=\"eicon-chevron-right\"><\/i>\t\t\t\t\t<\/div>\n\t\t\t\t\n\t\t\t\t\t\t\t\t\t<\/div>\n\t\t\t\t<\/div>\n\t\t\t\t<\/div>\n\t\t            <\/div>\n        <\/div>\n                <div class=\"elementor-column elementor-col-50 elementor-inner-column elementor-element elementor-element-b16a3f0\" data-id=\"b16a3f0\" data-element_type=\"column\">\n            <div class=\"elementor-widget-wrap elementor-element-populated\">\n                        \t\t<div class=\"elementor-element elementor-element-81a9655 elementor-widget elementor-widget-spacer\" data-id=\"81a9655\" data-element_type=\"widget\" data-widget_type=\"spacer.default\">\n\t\t\t\t<div class=\"elementor-widget-container\">\n\t\t\t\t\t<div class=\"elementor-spacer\">\n\t\t\t<div class=\"elementor-spacer-inner\"><\/div>\n\t\t<\/div>\n\t\t\t\t<\/div>\n\t\t\t\t<\/div>\n\t\t\t\t<div class=\"elementor-element elementor-element-364dc08 wow fadeInUp elementor-widget elementor-widget-text-editor\" data-id=\"364dc08\" data-element_type=\"widget\" data-widget_type=\"text-editor.default\">\n\t\t\t\t<div class=\"elementor-widget-container\">\n\t\t\t\t\t\t\t<p>La relazione significativa con l\u2019apprendimento passa per il rafforzamento della\npropria identit\u00e0, segnata dalla nuova posizione dell\u2019adolescente nel nucleo\nfamiliare e sociale. L\u2019interesse dei ragazzi si sposta sulle relazioni con i compagni. La\nscuola diventa significativa quando stimola progetti, letture e dibattiti su temi\nd\u2019attualit\u00e0, che contribuiscono alla formazione di una visione ogni volta pi\u00f9\ncontestualizzata e cosciente della realt\u00e0 in cui vivono.<\/p>\t\t\t\t\t\t<\/div>\n\t\t\t\t<\/div>\n\t\t            <\/div>\n        <\/div>\n                            <\/div>\n        <\/section>\n                    <\/div>\n        <\/div>\n                            <\/div>\n        <\/section>\n                <section class=\"elementor-section elementor-top-section elementor-element elementor-element-97a9b7b elementor-section-boxed elementor-section-height-default elementor-section-height-default ct-header-fixed-none ct-row-max-none\" data-id=\"97a9b7b\" data-element_type=\"section\">\n            \n                        <div class=\"elementor-container elementor-column-gap-default\">\n                    <div class=\"elementor-column elementor-col-100 elementor-top-column elementor-element elementor-element-029d7f2\" data-id=\"029d7f2\" data-element_type=\"column\">\n            <div class=\"elementor-widget-wrap elementor-element-populated\">\n                        \t\t<div class=\"elementor-element elementor-element-162a453 elementor-widget elementor-widget-spacer\" data-id=\"162a453\" data-element_type=\"widget\" data-widget_type=\"spacer.default\">\n\t\t\t\t<div class=\"elementor-widget-container\">\n\t\t\t\t\t<div class=\"elementor-spacer\">\n\t\t\t<div class=\"elementor-spacer-inner\"><\/div>\n\t\t<\/div>\n\t\t\t\t<\/div>\n\t\t\t\t<\/div>\n\t\t            <\/div>\n        <\/div>\n                            <\/div>\n        <\/section>\n        \t\t\t\t\t<\/div>","protected":false},"excerpt":{"rendered":"<p>ENSINO FUNDAMENTALANOS FINAIS O curr\u00edculo e o desenvolvimento das linguagens s\u00e3o dotados de novos significados diante do aprofundamento das especificidades das \u00e1reas do conhecimento. Neste segmento \u00e9 esperada uma maior autonomia e reelabora\u00e7\u00e3o da aprendizagem. No 8\u00ba ano do Ensino Fundamental, os alunos s\u00e3o submetidos ao primeiro Esame di Stato para que possam seguir seus [&hellip;]<\/p>","protected":false},"author":1,"featured_media":0,"parent":0,"menu_order":0,"comment_status":"closed","ping_status":"closed","template":"","meta":{"footnotes":""},"class_list":["post-6130","page","type-page","status-publish","hentry"],"_links":{"self":[{"href":"http:\/\/www.montale.com.br\/it\/wp-json\/wp\/v2\/pages\/6130","targetHints":{"allow":["GET"]}}],"collection":[{"href":"http:\/\/www.montale.com.br\/it\/wp-json\/wp\/v2\/pages"}],"about":[{"href":"http:\/\/www.montale.com.br\/it\/wp-json\/wp\/v2\/types\/page"}],"author":[{"embeddable":true,"href":"http:\/\/www.montale.com.br\/it\/wp-json\/wp\/v2\/users\/1"}],"replies":[{"embeddable":true,"href":"http:\/\/www.montale.com.br\/it\/wp-json\/wp\/v2\/comments?post=6130"}],"version-history":[{"count":19,"href":"http:\/\/www.montale.com.br\/it\/wp-json\/wp\/v2\/pages\/6130\/revisions"}],"predecessor-version":[{"id":7779,"href":"http:\/\/www.montale.com.br\/it\/wp-json\/wp\/v2\/pages\/6130\/revisions\/7779"}],"wp:attachment":[{"href":"http:\/\/www.montale.com.br\/it\/wp-json\/wp\/v2\/media?parent=6130"}],"curies":[{"name":"wp","href":"https:\/\/api.w.org\/{rel}","templated":true}]}}